{"id":2434,"date":"2024-12-10T09:15:03","date_gmt":"2024-12-10T08:15:03","guid":{"rendered":"https:\/\/golah.es\/?post_type=product&#038;p=2434"},"modified":"2026-01-01T12:19:28","modified_gmt":"2026-01-01T11:19:28","slug":"reserva-tu-ruta-en-exclusividad","status":"publish","type":"product","link":"https:\/\/golah.es\/en\/product\/reserva-tu-ruta-en-exclusividad\/","title":{"rendered":"Reserve your exclusive route"},"content":{"rendered":"","protected":false},"excerpt":{"rendered":"<div class=\"elementor-element elementor-element-edc0c2e elementor-widget elementor-widget-text-editor\" data-id=\"edc0c2e\" data-element_type=\"widget\" data-widget_type=\"text-editor.default\">\n<div class=\"elementor-widget-container\">\n<p>Imagine having a boat exclusively for you and your family to sail along the coast of Conil.<\/p>\n<p>Cu\u00e9ntanos que te gustar\u00eda hacer, duraci\u00f3n y fecha en la que quieres reservar la embarcaci\u00f3n para disfrutar de un d\u00eda inolvidable (capacidad 12 personas m\u00e1ximo)<\/p>\n<p>Para rutas de <strong>1 hora de duraci\u00f3n aprox<\/strong>, el precio en promoci\u00f3n es de <strong>270\u20ac ( <del>300<\/del> \u20ac)<\/strong><\/p>\n<p>Para rutas de <strong>2 horas de duraci\u00f3n aprox<\/strong>, el precio en promoci\u00f3n es de <strong>425\u20ac\u00a0 (\u00a0<del>500<\/del> \u20ac)<\/strong><\/p>\n<p>For more information and to make a reservation, send us an email or whatsapp, indicating date and duration of the reservation, and we will contact you to confirm availability.<\/p>\n<p><img decoding=\"async\" class=\"alignnone size-full wp-image-4260\" src=\"https:\/\/golah.es\/wp-content\/uploads\/2024\/12\/300-270.png\" alt=\"\" width=\"221\" height=\"54\" srcset=\"https:\/\/golah.es\/wp-content\/uploads\/2024\/12\/300-270.png 221w, https:\/\/golah.es\/wp-content\/uploads\/2024\/12\/300-270-18x4.png 18w\" sizes=\"(max-width: 221px) 100vw, 221px\" \/><\/p>\n<\/div>\n<\/div>","protected":false},"featured_media":1158,"comment_status":"closed","ping_status":"closed","template":"","meta":{"ocean_post_layout":"full-width","ocean_both_sidebars_style":"","ocean_both_sidebars_content_width":0,"ocean_both_sidebars_sidebars_width":0,"ocean_sidebar":"0","ocean_second_sidebar":"0","ocean_disable_margins":"enable","ocean_add_body_class":"","ocean_shortcode_before_top_bar":"","ocean_shortcode_after_top_bar":"","ocean_shortcode_before_header":"","ocean_shortcode_after_header":"","ocean_has_shortcode":"","ocean_shortcode_after_title":"","ocean_shortcode_before_footer_widgets":"","ocean_shortcode_after_footer_widgets":"","ocean_shortcode_before_footer_bottom":"","ocean_shortcode_after_footer_bottom":"","ocean_display_top_bar":"default","ocean_display_header":"default","ocean_header_style":"","ocean_center_header_left_menu":"0","ocean_custom_header_template":"0","ocean_custom_logo":0,"ocean_custom_retina_logo":0,"ocean_custom_logo_max_width":0,"ocean_custom_logo_tablet_max_width":0,"ocean_custom_logo_mobile_max_width":0,"ocean_custom_logo_max_height":0,"ocean_custom_logo_tablet_max_height":0,"ocean_custom_logo_mobile_max_height":0,"ocean_header_custom_menu":"0","ocean_menu_typo_font_family":"0","ocean_menu_typo_font_subset":"","ocean_menu_typo_font_size":0,"ocean_menu_typo_font_size_tablet":0,"ocean_menu_typo_font_size_mobile":0,"ocean_menu_typo_font_size_unit":"px","ocean_menu_typo_font_weight":"","ocean_menu_typo_font_weight_tablet":"","ocean_menu_typo_font_weight_mobile":"","ocean_menu_typo_transform":"","ocean_menu_typo_transform_tablet":"","ocean_menu_typo_transform_mobile":"","ocean_menu_typo_line_height":0,"ocean_menu_typo_line_height_tablet":0,"ocean_menu_typo_line_height_mobile":0,"ocean_menu_typo_line_height_unit":"","ocean_menu_typo_spacing":0,"ocean_menu_typo_spacing_tablet":0,"ocean_menu_typo_spacing_mobile":0,"ocean_menu_typo_spacing_unit":"","ocean_menu_link_color":"","ocean_menu_link_color_hover":"","ocean_menu_link_color_active":"","ocean_menu_link_background":"","ocean_menu_link_hover_background":"","ocean_menu_link_active_background":"","ocean_menu_social_links_bg":"","ocean_menu_social_hover_links_bg":"","ocean_menu_social_links_color":"","ocean_menu_social_hover_links_color":"","ocean_disable_title":"default","ocean_disable_heading":"default","ocean_post_title":"","ocean_post_subheading":"","ocean_post_title_style":"","ocean_post_title_background_color":"","ocean_post_title_background":0,"ocean_post_title_bg_image_position":"","ocean_post_title_bg_image_attachment":"","ocean_post_title_bg_image_repeat":"","ocean_post_title_bg_image_size":"","ocean_post_title_height":0,"ocean_post_title_bg_overlay":0.5,"ocean_post_title_bg_overlay_color":"","ocean_disable_breadcrumbs":"default","ocean_breadcrumbs_color":"","ocean_breadcrumbs_separator_color":"","ocean_breadcrumbs_links_color":"","ocean_breadcrumbs_links_hover_color":"","ocean_display_footer_widgets":"on","ocean_display_footer_bottom":"on","ocean_custom_footer_template":"0","_joinchat":[]},"product_brand":[],"product_cat":[22],"product_tag":[],"class_list":{"0":"post-2434","1":"product","2":"type-product","3":"status-publish","4":"has-post-thumbnail","6":"product_cat-rutas","8":"entry","9":"has-media","11":"first","12":"instock","13":"sale","14":"taxable","15":"shipping-taxable","16":"product-type-external","17":"has-product-nav","18":"col","19":"span_1_of_3","20":"owp-content-center","21":"owp-thumbs-layout-horizontal","22":"owp-btn-very-big","23":"owp-tabs-layout-horizontal"},"booking_location":null,"booking_location_type":null,"booking_duration":null,"booking_duration_unit":null,"booking_buffer":null,"booking_cost":null,"booking_resources":null,"yoast_head":"<!-- This site is optimized with the Yoast SEO plugin v27.5 - https:\/\/yoast.com\/product\/yoast-seo-wordpress\/ -->\n<title>Reserva tu ruta en exclusividad | Golah<\/title>\n<meta name=\"description\" content=\"Reserva tu ruta en exclusividad\" \/>\n<meta name=\"robots\" content=\"index, follow, max-snippet:-1, max-image-preview:large, max-video-preview:-1\" \/>\n<link rel=\"canonical\" href=\"https:\/\/golah.es\/en\/product\/reserva-tu-ruta-en-exclusividad\/\" \/>\n<meta property=\"og:locale\" content=\"en_GB\" \/>\n<meta property=\"og:type\" content=\"article\" \/>\n<meta property=\"og:title\" content=\"Reserva tu ruta en exclusividad | Golah\" \/>\n<meta property=\"og:description\" content=\"Reserva tu ruta en exclusividad\" \/>\n<meta property=\"og:url\" content=\"https:\/\/golah.es\/en\/product\/reserva-tu-ruta-en-exclusividad\/\" \/>\n<meta property=\"og:site_name\" content=\"Golah\" \/>\n<meta property=\"article:modified_time\" content=\"2026-01-01T11:19:28+00:00\" \/>\n<meta property=\"og:image\" content=\"https:\/\/golah.es\/wp-content\/uploads\/2024\/09\/cala-aceite.png\" \/>\n\t<meta property=\"og:image:width\" content=\"588\" \/>\n\t<meta property=\"og:image:height\" content=\"448\" \/>\n\t<meta property=\"og:image:type\" content=\"image\/png\" \/>\n<meta name=\"twitter:card\" content=\"summary_large_image\" \/>\n<meta name=\"twitter:label1\" content=\"Estimated reading time\" \/>\n\t<meta name=\"twitter:data1\" content=\"1 minute\" \/>\n<script type=\"application\/ld+json\" class=\"yoast-schema-graph\">{\"@context\":\"https:\\\/\\\/schema.org\",\"@graph\":[{\"@type\":\"WebPage\",\"@id\":\"https:\\\/\\\/golah.es\\\/producto\\\/reserva-tu-ruta-en-exclusividad\\\/\",\"url\":\"https:\\\/\\\/golah.es\\\/producto\\\/reserva-tu-ruta-en-exclusividad\\\/\",\"name\":\"Reserva tu ruta en exclusividad | Golah\",\"isPartOf\":{\"@id\":\"https:\\\/\\\/golah.es\\\/#website\"},\"primaryImageOfPage\":{\"@id\":\"https:\\\/\\\/golah.es\\\/producto\\\/reserva-tu-ruta-en-exclusividad\\\/#primaryimage\"},\"image\":{\"@id\":\"https:\\\/\\\/golah.es\\\/producto\\\/reserva-tu-ruta-en-exclusividad\\\/#primaryimage\"},\"thumbnailUrl\":\"https:\\\/\\\/golah.es\\\/wp-content\\\/uploads\\\/2024\\\/09\\\/cala-aceite.png\",\"datePublished\":\"2024-12-10T08:15:03+00:00\",\"dateModified\":\"2026-01-01T11:19:28+00:00\",\"description\":\"Reserva tu ruta en exclusividad\",\"breadcrumb\":{\"@id\":\"https:\\\/\\\/golah.es\\\/producto\\\/reserva-tu-ruta-en-exclusividad\\\/#breadcrumb\"},\"inLanguage\":\"en-GB\",\"potentialAction\":[{\"@type\":\"ReadAction\",\"target\":[\"https:\\\/\\\/golah.es\\\/producto\\\/reserva-tu-ruta-en-exclusividad\\\/\"]}]},{\"@type\":\"ImageObject\",\"inLanguage\":\"en-GB\",\"@id\":\"https:\\\/\\\/golah.es\\\/producto\\\/reserva-tu-ruta-en-exclusividad\\\/#primaryimage\",\"url\":\"https:\\\/\\\/golah.es\\\/wp-content\\\/uploads\\\/2024\\\/09\\\/cala-aceite.png\",\"contentUrl\":\"https:\\\/\\\/golah.es\\\/wp-content\\\/uploads\\\/2024\\\/09\\\/cala-aceite.png\",\"width\":588,\"height\":448},{\"@type\":\"BreadcrumbList\",\"@id\":\"https:\\\/\\\/golah.es\\\/producto\\\/reserva-tu-ruta-en-exclusividad\\\/#breadcrumb\",\"itemListElement\":[{\"@type\":\"ListItem\",\"position\":1,\"name\":\"Portada\",\"item\":\"https:\\\/\\\/golah.es\\\/\"},{\"@type\":\"ListItem\",\"position\":2,\"name\":\"Tienda\",\"item\":\"https:\\\/\\\/golah.es\\\/tienda\\\/\"},{\"@type\":\"ListItem\",\"position\":3,\"name\":\"Reserva tu ruta en exclusividad\"}]},{\"@type\":\"WebSite\",\"@id\":\"https:\\\/\\\/golah.es\\\/#website\",\"url\":\"https:\\\/\\\/golah.es\\\/\",\"name\":\"Golah\",\"description\":\"GOLAH\",\"publisher\":{\"@id\":\"https:\\\/\\\/golah.es\\\/#organization\"},\"alternateName\":\"Golah Turismo Marinero Conil\",\"potentialAction\":[{\"@type\":\"SearchAction\",\"target\":{\"@type\":\"EntryPoint\",\"urlTemplate\":\"https:\\\/\\\/golah.es\\\/?s={search_term_string}\"},\"query-input\":{\"@type\":\"PropertyValueSpecification\",\"valueRequired\":true,\"valueName\":\"search_term_string\"}}],\"inLanguage\":\"en-GB\"},{\"@type\":\"Organization\",\"@id\":\"https:\\\/\\\/golah.es\\\/#organization\",\"name\":\"Golah\",\"alternateName\":\"Golah\",\"url\":\"https:\\\/\\\/golah.es\\\/\",\"logo\":{\"@type\":\"ImageObject\",\"inLanguage\":\"en-GB\",\"@id\":\"https:\\\/\\\/golah.es\\\/#\\\/schema\\\/logo\\\/image\\\/\",\"url\":\"https:\\\/\\\/golah.es\\\/wp-content\\\/uploads\\\/2024\\\/12\\\/logo-golah-blue.png\",\"contentUrl\":\"https:\\\/\\\/golah.es\\\/wp-content\\\/uploads\\\/2024\\\/12\\\/logo-golah-blue.png\",\"width\":512,\"height\":512,\"caption\":\"Golah\"},\"image\":{\"@id\":\"https:\\\/\\\/golah.es\\\/#\\\/schema\\\/logo\\\/image\\\/\"}}]}<\/script>\n<!-- \/ Yoast SEO plugin. -->","yoast_head_json":{"title":"Reserva tu ruta en exclusividad | Golah","description":"Reserve your exclusive route","robots":{"index":"index","follow":"follow","max-snippet":"max-snippet:-1","max-image-preview":"max-image-preview:large","max-video-preview":"max-video-preview:-1"},"canonical":"https:\/\/golah.es\/en\/product\/reserva-tu-ruta-en-exclusividad\/","og_locale":"en_GB","og_type":"article","og_title":"Reserva tu ruta en exclusividad | Golah","og_description":"Reserva tu ruta en exclusividad","og_url":"https:\/\/golah.es\/en\/product\/reserva-tu-ruta-en-exclusividad\/","og_site_name":"Golah","article_modified_time":"2026-01-01T11:19:28+00:00","og_image":[{"width":588,"height":448,"url":"https:\/\/golah.es\/wp-content\/uploads\/2024\/09\/cala-aceite.png","type":"image\/png"}],"twitter_card":"summary_large_image","twitter_misc":{"Estimated reading time":"1 minute"},"schema":{"@context":"https:\/\/schema.org","@graph":[{"@type":"WebPage","@id":"https:\/\/golah.es\/producto\/reserva-tu-ruta-en-exclusividad\/","url":"https:\/\/golah.es\/producto\/reserva-tu-ruta-en-exclusividad\/","name":"Reserva tu ruta en exclusividad | Golah","isPartOf":{"@id":"https:\/\/golah.es\/#website"},"primaryImageOfPage":{"@id":"https:\/\/golah.es\/producto\/reserva-tu-ruta-en-exclusividad\/#primaryimage"},"image":{"@id":"https:\/\/golah.es\/producto\/reserva-tu-ruta-en-exclusividad\/#primaryimage"},"thumbnailUrl":"https:\/\/golah.es\/wp-content\/uploads\/2024\/09\/cala-aceite.png","datePublished":"2024-12-10T08:15:03+00:00","dateModified":"2026-01-01T11:19:28+00:00","description":"Reserve your exclusive route","breadcrumb":{"@id":"https:\/\/golah.es\/producto\/reserva-tu-ruta-en-exclusividad\/#breadcrumb"},"inLanguage":"en-GB","potentialAction":[{"@type":"ReadAction","target":["https:\/\/golah.es\/producto\/reserva-tu-ruta-en-exclusividad\/"]}]},{"@type":"ImageObject","inLanguage":"en-GB","@id":"https:\/\/golah.es\/producto\/reserva-tu-ruta-en-exclusividad\/#primaryimage","url":"https:\/\/golah.es\/wp-content\/uploads\/2024\/09\/cala-aceite.png","contentUrl":"https:\/\/golah.es\/wp-content\/uploads\/2024\/09\/cala-aceite.png","width":588,"height":448},{"@type":"BreadcrumbList","@id":"https:\/\/golah.es\/producto\/reserva-tu-ruta-en-exclusividad\/#breadcrumb","itemListElement":[{"@type":"ListItem","position":1,"name":"Portada","item":"https:\/\/golah.es\/"},{"@type":"ListItem","position":2,"name":"Tienda","item":"https:\/\/golah.es\/tienda\/"},{"@type":"ListItem","position":3,"name":"Reserva tu ruta en exclusividad"}]},{"@type":"WebSite","@id":"https:\/\/golah.es\/#website","url":"https:\/\/golah.es\/","name":"Golah","description":"GOLAH","publisher":{"@id":"https:\/\/golah.es\/#organization"},"alternateName":"Golah Turismo Marinero Conil","potentialAction":[{"@type":"SearchAction","target":{"@type":"EntryPoint","urlTemplate":"https:\/\/golah.es\/?s={search_term_string}"},"query-input":{"@type":"PropertyValueSpecification","valueRequired":true,"valueName":"search_term_string"}}],"inLanguage":"en-GB"},{"@type":"Organization","@id":"https:\/\/golah.es\/#organization","name":"Golah","alternateName":"Golah","url":"https:\/\/golah.es\/","logo":{"@type":"ImageObject","inLanguage":"en-GB","@id":"https:\/\/golah.es\/#\/schema\/logo\/image\/","url":"https:\/\/golah.es\/wp-content\/uploads\/2024\/12\/logo-golah-blue.png","contentUrl":"https:\/\/golah.es\/wp-content\/uploads\/2024\/12\/logo-golah-blue.png","width":512,"height":512,"caption":"Golah"},"image":{"@id":"https:\/\/golah.es\/#\/schema\/logo\/image\/"}}]}},"jetpack_sharing_enabled":true,"_links":{"self":[{"href":"https:\/\/golah.es\/en\/wp-json\/wp\/v2\/product\/2434","targetHints":{"allow":["GET"]}}],"collection":[{"href":"https:\/\/golah.es\/en\/wp-json\/wp\/v2\/product"}],"about":[{"href":"https:\/\/golah.es\/en\/wp-json\/wp\/v2\/types\/product"}],"replies":[{"embeddable":true,"href":"https:\/\/golah.es\/en\/wp-json\/wp\/v2\/comments?post=2434"}],"wp:featuredmedia":[{"embeddable":true,"href":"https:\/\/golah.es\/en\/wp-json\/wp\/v2\/media\/1158"}],"wp:attachment":[{"href":"https:\/\/golah.es\/en\/wp-json\/wp\/v2\/media?parent=2434"}],"wp:term":[{"taxonomy":"product_brand","embeddable":true,"href":"https:\/\/golah.es\/en\/wp-json\/wp\/v2\/product_brand?post=2434"},{"taxonomy":"product_cat","embeddable":true,"href":"https:\/\/golah.es\/en\/wp-json\/wp\/v2\/product_cat?post=2434"},{"taxonomy":"product_tag","embeddable":true,"href":"https:\/\/golah.es\/en\/wp-json\/wp\/v2\/product_tag?post=2434"}],"curies":[{"name":"wp","href":"https:\/\/api.w.org\/{rel}","templated":true}]}}