{"id":1507,"date":"2024-09-24T19:59:45","date_gmt":"2024-09-24T17:59:45","guid":{"rendered":"https:\/\/golah.local\/?post_type=product&#038;p=1507"},"modified":"2026-05-07T07:53:39","modified_gmt":"2026-05-07T05:53:39","slug":"navega-por-la-costa-de-conil","status":"publish","type":"product","link":"https:\/\/golah.es\/en\/product\/navega-por-la-costa-de-conil\/","title":{"rendered":"Sail along the Conil Coast"},"content":{"rendered":"<blockquote><p>En esta ruta, navegaremos por la costa de Conil de la Frontera, en la que conoceremos todas sus playas, como la playa de la Fontanilla, la playa de los Bateles o la playa del Chorrillo.<\/p><\/blockquote>\n<p>Tambi\u00e9n veremos sus maravillosas calas, como la Cala de Puntalejo, o su conocida Cala del Aceite, lugar en donde finalmente fondearemos la embarcaci\u00f3n y tomaremos unas bebidas para refrescarnos, y en donde tendremos la posibilidad de darnos un ba\u00f1o en estas aguas cristalinas, mientras disfrutamos del paisaje y este entorno \u00fanico que nos ofrece Conil<\/p>\n<p><strong>DESCRIPTION OF THE ROUTE:<\/strong><\/p>\n<p>En esta ruta, partiremos del muelle pesquero de Conil, y navegaremos tranquilamente visitando las distintas calas y playas de Conil, como la Cala de Puntalejo o la de Fuente del Gallo. Continuaremos hacia la playa de la Fontanilla, la de los Bateles o la del Chorrillo. Despu\u00e9s, iniciaremos el recorrido de vuelta para dirigirnos a la Cala del Aceite, en donde fondearemos la embarcaci\u00f3n. En este lugar, muy conocido por sus aguas cristalinas, nos tomaremos unas bebidas para refrescarnos y admirar el paisaje. Y para los m\u00e1s atrevidos, tienen la posibilidad de darse un ba\u00f1o en estas aguas. Finalmente, regresaremos al muelle para terminar est\u00e1 maravillosa ruta que nos ofrece el entorno \u00fanico de Conil de la Frontera.<\/p>\n<p>La duraci\u00f3n de la ruta es de 1 hora y 45 minutos aprox.<\/p>\n<p>&nbsp;<\/p>\n<p><strong>RECOMMENDATIONS \/ OBSERVATIONS:<\/strong><\/p>\n<p>-Arrive at least 10 minutes before the start of the booked activity.<\/p>\n<p>-Carry identity documents.<\/p>\n<p>-Don't forget your sunscreen.<\/p>\n<p>-Pets are not allowed<\/p>\n<p>-Departures according to weather operability.<\/p>\n<p>Si la actividad reservada no completase el aforo m\u00ednimo de 4 personas, la empresa Ch\u00e1rter Golah podr\u00e1 optar por la cancelaci\u00f3n operativa, comunic\u00e1ndolo al cliente dentro de las 24 horas previas a la realizaci\u00f3n de la actividad, ofreci\u00e9ndole:<\/p>\n<p>-An alternative route<\/p>\n<p>-The total refund (100%) of all amounts paid for the cancelled activity, within a maximum period of 10 working days.<\/p>","protected":false},"excerpt":{"rendered":"<p>Sail along the coast of Conil, to discover its beaches and wonderful coves, where you will finally have the chance to have a swim while enjoying this unique environment.<\/p>\n<p><img decoding=\"async\" class=\"alignnone size-full wp-image-3487\" src=\"https:\/\/golah.es\/wp-content\/uploads\/2024\/09\/21-e1748770948838.png\" alt=\"\" width=\"175\" height=\"26\" srcset=\"https:\/\/golah.es\/wp-content\/uploads\/2024\/09\/21-e1748770948838.png 175w, https:\/\/golah.es\/wp-content\/uploads\/2024\/09\/21-e1748770948838-18x3.png 18w\" sizes=\"(max-width: 175px) 100vw, 175px\" \/><\/p>\n<p><img decoding=\"async\" class=\"alignnone size-medium wp-image-3895\" src=\"https:\/\/golah.es\/wp-content\/uploads\/2024\/09\/Promocion-39E-300x40.png\" alt=\"\" width=\"300\" height=\"40\" srcset=\"https:\/\/golah.es\/wp-content\/uploads\/2024\/09\/Promocion-39E-300x40.png 300w, https:\/\/golah.es\/wp-content\/uploads\/2024\/09\/Promocion-39E-18x2.png 18w, https:\/\/golah.es\/wp-content\/uploads\/2024\/09\/Promocion-39E.png 319w\" sizes=\"(max-width: 300px) 100vw, 300px\" \/><\/p>","protected":false},"featured_media":3493,"comment_status":"closed","ping_status":"closed","template":"","meta":{"ocean_post_layout":"full-width","ocean_both_sidebars_style":"","ocean_both_sidebars_content_width":0,"ocean_both_sidebars_sidebars_width":0,"ocean_sidebar":"0","ocean_second_sidebar":"0","ocean_disable_margins":"enable","ocean_add_body_class":"","ocean_shortcode_before_top_bar":"","ocean_shortcode_after_top_bar":"","ocean_shortcode_before_header":"","ocean_shortcode_after_header":"","ocean_has_shortcode":"","ocean_shortcode_after_title":"","ocean_shortcode_before_footer_widgets":"","ocean_shortcode_after_footer_widgets":"","ocean_shortcode_before_footer_bottom":"","ocean_shortcode_after_footer_bottom":"","ocean_display_top_bar":"off","ocean_display_header":"default","ocean_header_style":"","ocean_center_header_left_menu":"0","ocean_custom_header_template":"0","ocean_custom_logo":0,"ocean_custom_retina_logo":0,"ocean_custom_logo_max_width":0,"ocean_custom_logo_tablet_max_width":0,"ocean_custom_logo_mobile_max_width":0,"ocean_custom_logo_max_height":0,"ocean_custom_logo_tablet_max_height":0,"ocean_custom_logo_mobile_max_height":0,"ocean_header_custom_menu":"0","ocean_menu_typo_font_family":"0","ocean_menu_typo_font_subset":"","ocean_menu_typo_font_size":0,"ocean_menu_typo_font_size_tablet":0,"ocean_menu_typo_font_size_mobile":0,"ocean_menu_typo_font_size_unit":"px","ocean_menu_typo_font_weight":"","ocean_menu_typo_font_weight_tablet":"","ocean_menu_typo_font_weight_mobile":"","ocean_menu_typo_transform":"","ocean_menu_typo_transform_tablet":"","ocean_menu_typo_transform_mobile":"","ocean_menu_typo_line_height":0,"ocean_menu_typo_line_height_tablet":0,"ocean_menu_typo_line_height_mobile":0,"ocean_menu_typo_line_height_unit":"","ocean_menu_typo_spacing":0,"ocean_menu_typo_spacing_tablet":0,"ocean_menu_typo_spacing_mobile":0,"ocean_menu_typo_spacing_unit":"","ocean_menu_link_color":"","ocean_menu_link_color_hover":"","ocean_menu_link_color_active":"","ocean_menu_link_background":"","ocean_menu_link_hover_background":"","ocean_menu_link_active_background":"","ocean_menu_social_links_bg":"","ocean_menu_social_hover_links_bg":"","ocean_menu_social_links_color":"","ocean_menu_social_hover_links_color":"","ocean_disable_title":"on","ocean_disable_heading":"default","ocean_post_title":"","ocean_post_subheading":"","ocean_post_title_style":"","ocean_post_title_background_color":"","ocean_post_title_background":0,"ocean_post_title_bg_image_position":"","ocean_post_title_bg_image_attachment":"","ocean_post_title_bg_image_repeat":"","ocean_post_title_bg_image_size":"","ocean_post_title_height":0,"ocean_post_title_bg_overlay":0.5,"ocean_post_title_bg_overlay_color":"","ocean_disable_breadcrumbs":"default","ocean_breadcrumbs_color":"","ocean_breadcrumbs_separator_color":"","ocean_breadcrumbs_links_color":"","ocean_breadcrumbs_links_hover_color":"","ocean_display_footer_widgets":"off","ocean_display_footer_bottom":"off","ocean_custom_footer_template":"0","_joinchat":[]},"product_brand":[],"product_cat":[22],"product_tag":[],"class_list":{"0":"post-1507","1":"product","2":"type-product","3":"status-publish","4":"has-post-thumbnail","6":"product_cat-rutas","8":"entry","9":"has-media","11":"first","12":"instock","13":"virtual","14":"sold-individually","15":"taxable","16":"purchasable","17":"product-type-booking","18":"has-product-nav","19":"col","20":"span_1_of_3","21":"owp-content-center","22":"owp-thumbs-layout-horizontal","23":"owp-btn-very-big","24":"owp-tabs-layout-horizontal"},"booking_location":"","booking_location_type":"","booking_duration":30,"booking_duration_unit":"minute","booking_buffer":0,"booking_cost":0,"booking_resources":[],"yoast_head":"<!-- This site is optimized with the Yoast SEO plugin v27.5 - https:\/\/yoast.com\/product\/yoast-seo-wordpress\/ -->\n<title>Navega por la Costa de Conil | Golah<\/title>\n<meta name=\"description\" content=\"Navega por la Costa de Conil\" \/>\n<meta name=\"robots\" content=\"index, follow, max-snippet:-1, max-image-preview:large, max-video-preview:-1\" \/>\n<link rel=\"canonical\" href=\"https:\/\/golah.es\/en\/product\/navega-por-la-costa-de-conil\/\" \/>\n<meta property=\"og:locale\" content=\"en_GB\" \/>\n<meta property=\"og:type\" content=\"article\" \/>\n<meta property=\"og:title\" content=\"Navega por la Costa de Conil | Golah\" \/>\n<meta property=\"og:description\" content=\"Navega por la Costa de Conil\" \/>\n<meta property=\"og:url\" content=\"https:\/\/golah.es\/en\/product\/navega-por-la-costa-de-conil\/\" \/>\n<meta property=\"og:site_name\" content=\"Golah\" \/>\n<meta property=\"article:modified_time\" content=\"2026-05-07T05:53:39+00:00\" \/>\n<meta property=\"og:image\" content=\"https:\/\/golah.es\/wp-content\/uploads\/2024\/09\/Cala-Aceite-oferta.png\" \/>\n\t<meta property=\"og:image:width\" content=\"631\" \/>\n\t<meta property=\"og:image:height\" content=\"409\" \/>\n\t<meta property=\"og:image:type\" content=\"image\/png\" \/>\n<meta name=\"twitter:card\" content=\"summary_large_image\" \/>\n<meta name=\"twitter:label1\" content=\"Estimated reading time\" \/>\n\t<meta name=\"twitter:data1\" content=\"2 minutes\" \/>\n<script type=\"application\/ld+json\" class=\"yoast-schema-graph\">{\"@context\":\"https:\\\/\\\/schema.org\",\"@graph\":[{\"@type\":\"WebPage\",\"@id\":\"https:\\\/\\\/golah.es\\\/producto\\\/navega-por-la-costa-de-conil\\\/\",\"url\":\"https:\\\/\\\/golah.es\\\/producto\\\/navega-por-la-costa-de-conil\\\/\",\"name\":\"Navega por la Costa de Conil | Golah\",\"isPartOf\":{\"@id\":\"https:\\\/\\\/golah.es\\\/#website\"},\"primaryImageOfPage\":{\"@id\":\"https:\\\/\\\/golah.es\\\/producto\\\/navega-por-la-costa-de-conil\\\/#primaryimage\"},\"image\":{\"@id\":\"https:\\\/\\\/golah.es\\\/producto\\\/navega-por-la-costa-de-conil\\\/#primaryimage\"},\"thumbnailUrl\":\"https:\\\/\\\/golah.es\\\/wp-content\\\/uploads\\\/2024\\\/09\\\/Cala-Aceite-oferta.png\",\"datePublished\":\"2024-09-24T17:59:45+00:00\",\"dateModified\":\"2026-05-07T05:53:39+00:00\",\"description\":\"Navega por la Costa de Conil\",\"breadcrumb\":{\"@id\":\"https:\\\/\\\/golah.es\\\/producto\\\/navega-por-la-costa-de-conil\\\/#breadcrumb\"},\"inLanguage\":\"en-GB\",\"potentialAction\":[{\"@type\":\"ReadAction\",\"target\":[\"https:\\\/\\\/golah.es\\\/producto\\\/navega-por-la-costa-de-conil\\\/\"]}]},{\"@type\":\"ImageObject\",\"inLanguage\":\"en-GB\",\"@id\":\"https:\\\/\\\/golah.es\\\/producto\\\/navega-por-la-costa-de-conil\\\/#primaryimage\",\"url\":\"https:\\\/\\\/golah.es\\\/wp-content\\\/uploads\\\/2024\\\/09\\\/Cala-Aceite-oferta.png\",\"contentUrl\":\"https:\\\/\\\/golah.es\\\/wp-content\\\/uploads\\\/2024\\\/09\\\/Cala-Aceite-oferta.png\",\"width\":631,\"height\":409},{\"@type\":\"BreadcrumbList\",\"@id\":\"https:\\\/\\\/golah.es\\\/producto\\\/navega-por-la-costa-de-conil\\\/#breadcrumb\",\"itemListElement\":[{\"@type\":\"ListItem\",\"position\":1,\"name\":\"Portada\",\"item\":\"https:\\\/\\\/golah.es\\\/\"},{\"@type\":\"ListItem\",\"position\":2,\"name\":\"Tienda\",\"item\":\"https:\\\/\\\/golah.es\\\/tienda\\\/\"},{\"@type\":\"ListItem\",\"position\":3,\"name\":\"Navega por la Costa de Conil\"}]},{\"@type\":\"WebSite\",\"@id\":\"https:\\\/\\\/golah.es\\\/#website\",\"url\":\"https:\\\/\\\/golah.es\\\/\",\"name\":\"Golah\",\"description\":\"GOLAH\",\"publisher\":{\"@id\":\"https:\\\/\\\/golah.es\\\/#organization\"},\"alternateName\":\"Golah Turismo Marinero Conil\",\"potentialAction\":[{\"@type\":\"SearchAction\",\"target\":{\"@type\":\"EntryPoint\",\"urlTemplate\":\"https:\\\/\\\/golah.es\\\/?s={search_term_string}\"},\"query-input\":{\"@type\":\"PropertyValueSpecification\",\"valueRequired\":true,\"valueName\":\"search_term_string\"}}],\"inLanguage\":\"en-GB\"},{\"@type\":\"Organization\",\"@id\":\"https:\\\/\\\/golah.es\\\/#organization\",\"name\":\"Golah\",\"alternateName\":\"Golah\",\"url\":\"https:\\\/\\\/golah.es\\\/\",\"logo\":{\"@type\":\"ImageObject\",\"inLanguage\":\"en-GB\",\"@id\":\"https:\\\/\\\/golah.es\\\/#\\\/schema\\\/logo\\\/image\\\/\",\"url\":\"https:\\\/\\\/golah.es\\\/wp-content\\\/uploads\\\/2024\\\/12\\\/logo-golah-blue.png\",\"contentUrl\":\"https:\\\/\\\/golah.es\\\/wp-content\\\/uploads\\\/2024\\\/12\\\/logo-golah-blue.png\",\"width\":512,\"height\":512,\"caption\":\"Golah\"},\"image\":{\"@id\":\"https:\\\/\\\/golah.es\\\/#\\\/schema\\\/logo\\\/image\\\/\"}}]}<\/script>\n<!-- \/ Yoast SEO plugin. -->","yoast_head_json":{"title":"Navega por la Costa de Conil | Golah","description":"Sail along the Conil Coast","robots":{"index":"index","follow":"follow","max-snippet":"max-snippet:-1","max-image-preview":"max-image-preview:large","max-video-preview":"max-video-preview:-1"},"canonical":"https:\/\/golah.es\/en\/product\/navega-por-la-costa-de-conil\/","og_locale":"en_GB","og_type":"article","og_title":"Navega por la Costa de Conil | Golah","og_description":"Navega por la Costa de Conil","og_url":"https:\/\/golah.es\/en\/product\/navega-por-la-costa-de-conil\/","og_site_name":"Golah","article_modified_time":"2026-05-07T05:53:39+00:00","og_image":[{"width":631,"height":409,"url":"https:\/\/golah.es\/wp-content\/uploads\/2024\/09\/Cala-Aceite-oferta.png","type":"image\/png"}],"twitter_card":"summary_large_image","twitter_misc":{"Estimated reading time":"2 minutes"},"schema":{"@context":"https:\/\/schema.org","@graph":[{"@type":"WebPage","@id":"https:\/\/golah.es\/producto\/navega-por-la-costa-de-conil\/","url":"https:\/\/golah.es\/producto\/navega-por-la-costa-de-conil\/","name":"Navega por la Costa de Conil | Golah","isPartOf":{"@id":"https:\/\/golah.es\/#website"},"primaryImageOfPage":{"@id":"https:\/\/golah.es\/producto\/navega-por-la-costa-de-conil\/#primaryimage"},"image":{"@id":"https:\/\/golah.es\/producto\/navega-por-la-costa-de-conil\/#primaryimage"},"thumbnailUrl":"https:\/\/golah.es\/wp-content\/uploads\/2024\/09\/Cala-Aceite-oferta.png","datePublished":"2024-09-24T17:59:45+00:00","dateModified":"2026-05-07T05:53:39+00:00","description":"Sail along the Conil Coast","breadcrumb":{"@id":"https:\/\/golah.es\/producto\/navega-por-la-costa-de-conil\/#breadcrumb"},"inLanguage":"en-GB","potentialAction":[{"@type":"ReadAction","target":["https:\/\/golah.es\/producto\/navega-por-la-costa-de-conil\/"]}]},{"@type":"ImageObject","inLanguage":"en-GB","@id":"https:\/\/golah.es\/producto\/navega-por-la-costa-de-conil\/#primaryimage","url":"https:\/\/golah.es\/wp-content\/uploads\/2024\/09\/Cala-Aceite-oferta.png","contentUrl":"https:\/\/golah.es\/wp-content\/uploads\/2024\/09\/Cala-Aceite-oferta.png","width":631,"height":409},{"@type":"BreadcrumbList","@id":"https:\/\/golah.es\/producto\/navega-por-la-costa-de-conil\/#breadcrumb","itemListElement":[{"@type":"ListItem","position":1,"name":"Portada","item":"https:\/\/golah.es\/"},{"@type":"ListItem","position":2,"name":"Tienda","item":"https:\/\/golah.es\/tienda\/"},{"@type":"ListItem","position":3,"name":"Navega por la Costa de Conil"}]},{"@type":"WebSite","@id":"https:\/\/golah.es\/#website","url":"https:\/\/golah.es\/","name":"Golah","description":"GOLAH","publisher":{"@id":"https:\/\/golah.es\/#organization"},"alternateName":"Golah Turismo Marinero Conil","potentialAction":[{"@type":"SearchAction","target":{"@type":"EntryPoint","urlTemplate":"https:\/\/golah.es\/?s={search_term_string}"},"query-input":{"@type":"PropertyValueSpecification","valueRequired":true,"valueName":"search_term_string"}}],"inLanguage":"en-GB"},{"@type":"Organization","@id":"https:\/\/golah.es\/#organization","name":"Golah","alternateName":"Golah","url":"https:\/\/golah.es\/","logo":{"@type":"ImageObject","inLanguage":"en-GB","@id":"https:\/\/golah.es\/#\/schema\/logo\/image\/","url":"https:\/\/golah.es\/wp-content\/uploads\/2024\/12\/logo-golah-blue.png","contentUrl":"https:\/\/golah.es\/wp-content\/uploads\/2024\/12\/logo-golah-blue.png","width":512,"height":512,"caption":"Golah"},"image":{"@id":"https:\/\/golah.es\/#\/schema\/logo\/image\/"}}]}},"jetpack_sharing_enabled":true,"_links":{"self":[{"href":"https:\/\/golah.es\/en\/wp-json\/wp\/v2\/product\/1507","targetHints":{"allow":["GET"]}}],"collection":[{"href":"https:\/\/golah.es\/en\/wp-json\/wp\/v2\/product"}],"about":[{"href":"https:\/\/golah.es\/en\/wp-json\/wp\/v2\/types\/product"}],"replies":[{"embeddable":true,"href":"https:\/\/golah.es\/en\/wp-json\/wp\/v2\/comments?post=1507"}],"wp:featuredmedia":[{"embeddable":true,"href":"https:\/\/golah.es\/en\/wp-json\/wp\/v2\/media\/3493"}],"wp:attachment":[{"href":"https:\/\/golah.es\/en\/wp-json\/wp\/v2\/media?parent=1507"}],"wp:term":[{"taxonomy":"product_brand","embeddable":true,"href":"https:\/\/golah.es\/en\/wp-json\/wp\/v2\/product_brand?post=1507"},{"taxonomy":"product_cat","embeddable":true,"href":"https:\/\/golah.es\/en\/wp-json\/wp\/v2\/product_cat?post=1507"},{"taxonomy":"product_tag","embeddable":true,"href":"https:\/\/golah.es\/en\/wp-json\/wp\/v2\/product_tag?post=1507"}],"curies":[{"name":"wp","href":"https:\/\/api.w.org\/{rel}","templated":true}]}}