{"id":786,"date":"2024-07-12T10:28:45","date_gmt":"2024-07-12T08:28:45","guid":{"rendered":"https:\/\/golah.local\/?page_id=786"},"modified":"2024-12-05T14:30:42","modified_gmt":"2024-12-05T13:30:42","slug":"ruta-a-por-atun-y-ver-al-duque-page","status":"publish","type":"page","link":"https:\/\/golah.es\/en\/ruta-a-por-atun-y-ver-al-duque-page\/","title":{"rendered":"Tuna Salted Products Tasting Route"},"content":{"rendered":"<div data-elementor-type=\"wp-page\" data-elementor-id=\"786\" class=\"elementor elementor-786\">\n\t\t\t\t<div class=\"elementor-element elementor-element-428c985 e-flex e-con-boxed e-con e-parent\" data-id=\"428c985\" data-element_type=\"container\" data-e-type=\"container\">\n\t\t\t\t\t<div class=\"e-con-inner\">\n\t\t\t\t<div class=\"elementor-element elementor-element-8586d3f elementor-hidden-desktop elementor-arrows-position-inside elementor-pagination-position-outside elementor-widget elementor-widget-image-carousel\" data-id=\"8586d3f\" data-element_type=\"widget\" data-e-type=\"widget\" data-settings=\"{&quot;navigation&quot;:&quot;both&quot;,&quot;autoplay&quot;:&quot;yes&quot;,&quot;pause_on_hover&quot;:&quot;yes&quot;,&quot;pause_on_interaction&quot;:&quot;yes&quot;,&quot;autoplay_speed&quot;:5000,&quot;infinite&quot;:&quot;yes&quot;,&quot;speed&quot;:500}\" data-widget_type=\"image-carousel.default\">\n\t\t\t\t<div class=\"elementor-widget-container\">\n\t\t\t\t\t\t\t<div class=\"elementor-image-carousel-wrapper swiper\" role=\"region\" aria-roledescription=\"carousel\" aria-label=\"Image Carousel\" dir=\"ltr\">\n\t\t\t<div class=\"elementor-image-carousel swiper-wrapper\" aria-live=\"off\">\n\t\t\t\t\t\t\t\t<div class=\"swiper-slide\" role=\"group\" aria-roledescription=\"slide\" aria-label=\"1 of 6\" data-no-translation-aria-label=\"\"><figure class=\"swiper-slide-inner\"><img decoding=\"async\" class=\"swiper-slide-image\" src=\"https:\/\/golah.es\/wp-content\/uploads\/2024\/07\/foto-atun-300x224.png\" alt=\"foto atun\" \/><\/figure><\/div><div class=\"swiper-slide\" role=\"group\" aria-roledescription=\"slide\" aria-label=\"2 of 6\" data-no-translation-aria-label=\"\"><figure class=\"swiper-slide-inner\"><img decoding=\"async\" class=\"swiper-slide-image\" src=\"https:\/\/golah.es\/wp-content\/uploads\/2024\/09\/mojama-la-chanca-300x218.jpg\" alt=\"mojama la chanca\" \/><\/figure><\/div><div class=\"swiper-slide\" role=\"group\" aria-roledescription=\"slide\" aria-label=\"3 of 6\" data-no-translation-aria-label=\"\"><figure class=\"swiper-slide-inner\"><img decoding=\"async\" class=\"swiper-slide-image\" src=\"https:\/\/golah.es\/wp-content\/uploads\/2024\/07\/foto-banderillas-300x224.png\" alt=\"foto banderillas\" \/><\/figure><\/div><div class=\"swiper-slide\" role=\"group\" aria-roledescription=\"slide\" aria-label=\"4 of 6\" data-no-translation-aria-label=\"\"><figure class=\"swiper-slide-inner\"><img decoding=\"async\" class=\"swiper-slide-image\" src=\"https:\/\/golah.es\/wp-content\/uploads\/2024\/11\/Atun-de-ijar-300x197.png\" alt=\"At\u00fan de ijar\" \/><\/figure><\/div><div class=\"swiper-slide\" role=\"group\" aria-roledescription=\"slide\" aria-label=\"5 of 6\" data-no-translation-aria-label=\"\"><figure class=\"swiper-slide-inner\"><img decoding=\"async\" class=\"swiper-slide-image\" src=\"https:\/\/golah.es\/wp-content\/uploads\/2024\/07\/foto-costa-conil-300x200.jpg\" alt=\"foto costa conil\" \/><\/figure><\/div><div class=\"swiper-slide\" role=\"group\" aria-roledescription=\"slide\" aria-label=\"6 of 6\" data-no-translation-aria-label=\"\"><figure class=\"swiper-slide-inner\"><img decoding=\"async\" class=\"swiper-slide-image\" src=\"https:\/\/golah.es\/wp-content\/uploads\/2024\/09\/punto-salida-3-300x227.png\" alt=\"punto salida 3\" \/><\/figure><\/div>\t\t\t<\/div>\n\t\t\t\t\t\t\t\t\t\t\t\t<div class=\"elementor-swiper-button elementor-swiper-button-prev\" role=\"button\" tabindex=\"0\">\n\t\t\t\t\t\t<svg aria-hidden=\"true\" class=\"e-font-icon-svg e-eicon-chevron-left\" viewbox=\"0 0 1000 1000\" xmlns=\"http:\/\/www.w3.org\/2000\/svg\"><path d=\"M646 125C629 125 613 133 604 142L308 442C296 454 292 471 292 487 292 504 296 521 308 533L604 854C617 867 629 875 646 875 663 875 679 871 692 858 704 846 713 829 713 812 713 796 708 779 692 767L438 487 692 225C700 217 708 204 708 187 708 171 704 154 692 142 675 129 663 125 646 125Z\"><\/path><\/svg>\t\t\t\t\t<\/div>\n\t\t\t\t\t<div class=\"elementor-swiper-button elementor-swiper-button-next\" role=\"button\" tabindex=\"0\">\n\t\t\t\t\t\t<svg aria-hidden=\"true\" class=\"e-font-icon-svg e-eicon-chevron-right\" viewbox=\"0 0 1000 1000\" xmlns=\"http:\/\/www.w3.org\/2000\/svg\"><path d=\"M696 533C708 521 713 504 713 487 713 471 708 454 696 446L400 146C388 133 375 125 354 125 338 125 325 129 313 142 300 154 292 171 292 187 292 204 296 221 308 233L563 492 304 771C292 783 288 800 288 817 288 833 296 850 308 863 321 871 338 875 354 875 371 875 388 867 400 854L696 533Z\"><\/path><\/svg>\t\t\t\t\t<\/div>\n\t\t\t\t\n\t\t\t\t\t\t\t\t\t<div class=\"swiper-pagination\"><\/div>\n\t\t\t\t\t\t\t\t\t<\/div>\n\t\t\t\t\t\t<\/div>\n\t\t\t\t<\/div>\n\t\t\t\t\t<\/div>\n\t\t\t\t<\/div>\n\t\t\t\t<section class=\"elementor-section elementor-top-section elementor-element elementor-element-e51d7d1 elementor-section-content-middle elementor-reverse-mobile elementor-section-boxed elementor-section-height-default elementor-section-height-default\" data-id=\"e51d7d1\" data-element_type=\"section\" data-e-type=\"section\" data-settings=\"{&quot;background_background&quot;:&quot;classic&quot;}\">\n\t\t\t\t\t\t<div class=\"elementor-container elementor-column-gap-default\">\n\t\t\t\t\t<div class=\"elementor-column elementor-col-33 elementor-top-column elementor-element elementor-element-dfd87cf\" data-id=\"dfd87cf\" data-element_type=\"column\" data-e-type=\"column\" data-settings=\"{&quot;background_background&quot;:&quot;classic&quot;}\">\n\t\t\t<div class=\"elementor-widget-wrap elementor-element-populated\">\n\t\t\t\t\t\t<div class=\"elementor-element elementor-element-1c24124 elementor-hidden-phone elementor-arrows-position-inside elementor-widget elementor-widget-image-carousel\" data-id=\"1c24124\" data-element_type=\"widget\" data-e-type=\"widget\" data-settings=\"{&quot;slides_to_show&quot;:&quot;1&quot;,&quot;navigation&quot;:&quot;arrows&quot;,&quot;autoplay_speed&quot;:6000,&quot;effect&quot;:&quot;fade&quot;,&quot;autoplay&quot;:&quot;yes&quot;,&quot;pause_on_hover&quot;:&quot;yes&quot;,&quot;pause_on_interaction&quot;:&quot;yes&quot;,&quot;infinite&quot;:&quot;yes&quot;,&quot;speed&quot;:500}\" data-widget_type=\"image-carousel.default\">\n\t\t\t\t<div class=\"elementor-widget-container\">\n\t\t\t\t\t\t\t<div class=\"elementor-image-carousel-wrapper swiper\" role=\"region\" aria-roledescription=\"carousel\" aria-label=\"Image Carousel\" dir=\"ltr\">\n\t\t\t<div class=\"elementor-image-carousel swiper-wrapper\" aria-live=\"off\">\n\t\t\t\t\t\t\t\t<div class=\"swiper-slide\" role=\"group\" aria-roledescription=\"slide\" aria-label=\"1 of 6\" data-no-translation-aria-label=\"\"><figure class=\"swiper-slide-inner\"><img decoding=\"async\" class=\"swiper-slide-image\" src=\"https:\/\/golah.es\/wp-content\/uploads\/elementor\/thumbs\/foto-atun-qy9cyfbnrm8bpj5n7z7lfjf16ceja0egi3df0e2zqo.png\" alt=\"foto atun\" \/><\/figure><\/div><div class=\"swiper-slide\" role=\"group\" aria-roledescription=\"slide\" aria-label=\"2 of 6\" data-no-translation-aria-label=\"\"><figure class=\"swiper-slide-inner\"><img decoding=\"async\" class=\"swiper-slide-image\" src=\"https:\/\/golah.es\/wp-content\/uploads\/elementor\/thumbs\/mojama-la-chanca-qy9cyfbnrm8bpj5n7z7lfjf16ceja0egi3df0e2zqo.jpg\" alt=\"mojama la chanca\" \/><\/figure><\/div><div class=\"swiper-slide\" role=\"group\" aria-roledescription=\"slide\" aria-label=\"3 of 6\" data-no-translation-aria-label=\"\"><figure class=\"swiper-slide-inner\"><img decoding=\"async\" class=\"swiper-slide-image\" src=\"https:\/\/golah.es\/wp-content\/uploads\/elementor\/thumbs\/foto-banderillas-qy9cyg9hyg9m154a2hm8016hrq9whpi6u80who1lkg.png\" alt=\"foto banderillas\" \/><\/figure><\/div><div class=\"swiper-slide\" role=\"group\" aria-roledescription=\"slide\" aria-label=\"4 of 6\" data-no-translation-aria-label=\"\"><figure class=\"swiper-slide-inner\"><img decoding=\"async\" class=\"swiper-slide-image\" src=\"https:\/\/golah.es\/wp-content\/uploads\/elementor\/thumbs\/Atun-de-ijar-qy9cyfbnrm8bpj5n7z7lfjf16ceja0egi3df0e2zqo.png\" alt=\"At\u00fan de ijar\" \/><\/figure><\/div><div class=\"swiper-slide\" role=\"group\" aria-roledescription=\"slide\" aria-label=\"5 of 6\" data-no-translation-aria-label=\"\"><figure class=\"swiper-slide-inner\"><img decoding=\"async\" class=\"swiper-slide-image\" src=\"https:\/\/golah.es\/wp-content\/uploads\/elementor\/thumbs\/foto-costa-conil-qy9cyfbnrm8bpj5n7z7lfjf16ceja0egi3df0e2zqo.jpg\" alt=\"foto costa conil\" \/><\/figure><\/div><div class=\"swiper-slide\" role=\"group\" aria-roledescription=\"slide\" aria-label=\"6 of 6\" data-no-translation-aria-label=\"\"><figure class=\"swiper-slide-inner\"><img decoding=\"async\" class=\"swiper-slide-image\" src=\"https:\/\/golah.es\/wp-content\/uploads\/elementor\/thumbs\/punto-salida-3-qy9cyfbnrm8bpj5n7z7lfjf16ceja0egi3df0e2zqo.png\" alt=\"punto salida 3\" \/><\/figure><\/div>\t\t\t<\/div>\n\t\t\t\t\t\t\t\t\t\t\t\t<div class=\"elementor-swiper-button elementor-swiper-button-prev\" role=\"button\" tabindex=\"0\">\n\t\t\t\t\t\t<svg aria-hidden=\"true\" class=\"e-font-icon-svg e-eicon-chevron-left\" viewbox=\"0 0 1000 1000\" xmlns=\"http:\/\/www.w3.org\/2000\/svg\"><path d=\"M646 125C629 125 613 133 604 142L308 442C296 454 292 471 292 487 292 504 296 521 308 533L604 854C617 867 629 875 646 875 663 875 679 871 692 858 704 846 713 829 713 812 713 796 708 779 692 767L438 487 692 225C700 217 708 204 708 187 708 171 704 154 692 142 675 129 663 125 646 125Z\"><\/path><\/svg>\t\t\t\t\t<\/div>\n\t\t\t\t\t<div class=\"elementor-swiper-button elementor-swiper-button-next\" role=\"button\" tabindex=\"0\">\n\t\t\t\t\t\t<svg aria-hidden=\"true\" class=\"e-font-icon-svg e-eicon-chevron-right\" viewbox=\"0 0 1000 1000\" xmlns=\"http:\/\/www.w3.org\/2000\/svg\"><path d=\"M696 533C708 521 713 504 713 487 713 471 708 454 696 446L400 146C388 133 375 125 354 125 338 125 325 129 313 142 300 154 292 171 292 187 292 204 296 221 308 233L563 492 304 771C292 783 288 800 288 817 288 833 296 850 308 863 321 871 338 875 354 875 371 875 388 867 400 854L696 533Z\"><\/path><\/svg>\t\t\t\t\t<\/div>\n\t\t\t\t\n\t\t\t\t\t\t\t\t\t<\/div>\n\t\t\t\t\t\t<\/div>\n\t\t\t\t<\/div>\n\t\t\t\t\t<\/div>\n\t\t<\/div>\n\t\t\t\t<div class=\"elementor-column elementor-col-66 elementor-top-column elementor-element elementor-element-fd41907\" data-id=\"fd41907\" data-element_type=\"column\" data-e-type=\"column\" data-settings=\"{&quot;background_background&quot;:&quot;classic&quot;}\">\n\t\t\t<div class=\"elementor-widget-wrap elementor-element-populated\">\n\t\t\t\t\t\t<div class=\"elementor-element elementor-element-fb077e3 elementor-widget elementor-widget-heading\" data-id=\"fb077e3\" data-element_type=\"widget\" data-e-type=\"widget\" data-widget_type=\"heading.default\">\n\t\t\t\t<div class=\"elementor-widget-container\">\n\t\t\t\t\t<h2 class=\"elementor-heading-title elementor-size-default\">Tuna Salted Products Tasting Route<\/h2>\t\t\t\t<\/div>\n\t\t\t\t<\/div>\n\t\t\t\t<div class=\"elementor-element elementor-element-108a042 elementor-widget elementor-widget-text-editor\" data-id=\"108a042\" data-element_type=\"widget\" data-e-type=\"widget\" data-widget_type=\"text-editor.default\">\n\t\t\t\t<div class=\"elementor-widget-container\">\n\t\t\t\t\t\t\t\t\t<p>In 1299 King Fernando IV granted the Count of Niebla, Guzm\u00e1n \u00e2\u20ac\u02dcthe Good\u00e2\u20ac\u2122, the grant of Conil and its tuna traps. The legend of the Duke was born, who caught more than 80,000 tuna per season.<\/p>\n<p>We will learn about the life of this valiant lord of the traps linked to the foundation of the town of Conil.<\/p>\n<p>&nbsp;From the sea, between the gate houses and white patios, you can see \u00e2\u20ac\u02dcLa Chanca\u00e2\u20ac\u2122, the only building dedicated to the tuna industry that is completely preserved in Spain. Discover the authentic taste of tuna salted fish that has endured over the centuries.<\/p>\t\t\t\t\t\t\t\t<\/div>\n\t\t\t\t<\/div>\n\t\t\t\t<div class=\"elementor-element elementor-element-c3be5c5 elementor-widget elementor-widget-text-editor\" data-id=\"c3be5c5\" data-element_type=\"widget\" data-e-type=\"widget\" data-widget_type=\"text-editor.default\">\n\t\t\t\t<div class=\"elementor-widget-container\">\n\t\t\t\t\t\t\t\t\t<p><strong>Price: 70\u20ac adults \/ 35\u20ac children<\/strong><\/p><p><strong>(Tuna salted fish tasting)<\/strong><\/p><p><strong>Duration : 2 hours aprox.<\/strong><\/p>\t\t\t\t\t\t\t\t<\/div>\n\t\t\t\t<\/div>\n\t\t\t\t<div class=\"elementor-element elementor-element-65b0b56 elementor-align-center elementor-widget elementor-widget-button\" data-id=\"65b0b56\" data-element_type=\"widget\" data-e-type=\"widget\" data-widget_type=\"button.default\">\n\t\t\t\t<div class=\"elementor-widget-container\">\n\t\t\t\t\t\t\t\t\t<div class=\"elementor-button-wrapper\">\n\t\t\t\t\t<a class=\"elementor-button elementor-button-link elementor-size-sm elementor-animation-float\" href=\"https:\/\/golah.es\/en\/product\/ruta-degustacion-de-salazones-de-atun\/\">\n\t\t\t\t\t\t<span class=\"elementor-button-content-wrapper\">\n\t\t\t\t\t\t<span class=\"elementor-button-icon\">\n\t\t\t\t<svg aria-hidden=\"true\" class=\"e-font-icon-svg e-fas-angle-down\" viewbox=\"0 0 320 512\" xmlns=\"http:\/\/www.w3.org\/2000\/svg\"><path d=\"M143 352.3L7 216.3c-9.4-9.4-9.4-24.6 0-33.9l22.6-22.6c9.4-9.4 24.6-9.4 33.9 0l96.4 96.4 96.4-96.4c9.4-9.4 24.6-9.4 33.9 0l22.6 22.6c9.4 9.4 9.4 24.6 0 33.9l-136 136c-9.2 9.4-24.4 9.4-33.8 0z\"><\/path><\/svg>\t\t\t<\/span>\n\t\t\t\t\t\t\t\t\t<span class=\"elementor-button-text\">Bookings<\/span>\n\t\t\t\t\t<\/span>\n\t\t\t\t\t<\/a>\n\t\t\t\t<\/div>\n\t\t\t\t\t\t\t\t<\/div>\n\t\t\t\t<\/div>\n\t\t\t\t<div class=\"elementor-element elementor-element-1672a5e elementor-align-center elementor-invisible elementor-widget elementor-widget-button\" data-id=\"1672a5e\" data-element_type=\"widget\" data-e-type=\"widget\" data-settings=\"{&quot;_animation&quot;:&quot;pulse&quot;}\" data-widget_type=\"button.default\">\n\t\t\t\t<div class=\"elementor-widget-container\">\n\t\t\t\t\t\t\t\t\t<div class=\"elementor-button-wrapper\">\n\t\t\t\t\t<a class=\"elementor-button elementor-button-link elementor-size-sm\" href=\"https:\/\/golah.es\/en\/politica-de-cancelacion-anulacion\/\" target=\"_blank\">\n\t\t\t\t\t\t<span class=\"elementor-button-content-wrapper\">\n\t\t\t\t\t\t\t\t\t<span class=\"elementor-button-text\">Cancellation policy<\/span>\n\t\t\t\t\t<\/span>\n\t\t\t\t\t<\/a>\n\t\t\t\t<\/div>\n\t\t\t\t\t\t\t\t<\/div>\n\t\t\t\t<\/div>\n\t\t\t\t\t<\/div>\n\t\t<\/div>\n\t\t\t\t\t<\/div>\n\t\t<\/section>\n\t\t\t\t<\/div>","protected":false},"excerpt":{"rendered":"<p>Ruta Degustaci\u00f3n Salazones de At\u00fan En 1.299 el Rey Fernando IV le concede al Conde de Niebla, Guzm\u00e1n \u00abel Bueno\u00bb la merced de Conil y sus almadrabas. Nace la leyenda del Duque que captura m\u00e1s de 80.000 atunes por temporada. Conoceremos la vida de este valedor se\u00f1or de las almadrabas ligada a la fundaci\u00f3n del [&hellip;]<\/p>\n","protected":false},"author":1,"featured_media":0,"parent":0,"menu_order":0,"comment_status":"closed","ping_status":"closed","template":"","meta":{"ocean_post_layout":"full-screen","ocean_both_sidebars_style":"","ocean_both_sidebars_content_width":0,"ocean_both_sidebars_sidebars_width":0,"ocean_sidebar":"","ocean_second_sidebar":"","ocean_disable_margins":"enable","ocean_add_body_class":"","ocean_shortcode_before_top_bar":"","ocean_shortcode_after_top_bar":"","ocean_shortcode_before_header":"","ocean_shortcode_after_header":"","ocean_has_shortcode":"","ocean_shortcode_after_title":"","ocean_shortcode_before_footer_widgets":"","ocean_shortcode_after_footer_widgets":"","ocean_shortcode_before_footer_bottom":"","ocean_shortcode_after_footer_bottom":"","ocean_display_top_bar":"off","ocean_display_header":"default","ocean_header_style":"","ocean_center_header_left_menu":"","ocean_custom_header_template":"","ocean_custom_logo":0,"ocean_custom_retina_logo":0,"ocean_custom_logo_max_width":0,"ocean_custom_logo_tablet_max_width":0,"ocean_custom_logo_mobile_max_width":0,"ocean_custom_logo_max_height":0,"ocean_custom_logo_tablet_max_height":0,"ocean_custom_logo_mobile_max_height":0,"ocean_header_custom_menu":"","ocean_menu_typo_font_family":"","ocean_menu_typo_font_subset":"","ocean_menu_typo_font_size":0,"ocean_menu_typo_font_size_tablet":0,"ocean_menu_typo_font_size_mobile":0,"ocean_menu_typo_font_size_unit":"px","ocean_menu_typo_font_weight":"","ocean_menu_typo_font_weight_tablet":"","ocean_menu_typo_font_weight_mobile":"","ocean_menu_typo_transform":"","ocean_menu_typo_transform_tablet":"","ocean_menu_typo_transform_mobile":"","ocean_menu_typo_line_height":0,"ocean_menu_typo_line_height_tablet":0,"ocean_menu_typo_line_height_mobile":0,"ocean_menu_typo_line_height_unit":"","ocean_menu_typo_spacing":0,"ocean_menu_typo_spacing_tablet":0,"ocean_menu_typo_spacing_mobile":0,"ocean_menu_typo_spacing_unit":"","ocean_menu_link_color":"","ocean_menu_link_color_hover":"","ocean_menu_link_color_active":"","ocean_menu_link_background":"","ocean_menu_link_hover_background":"","ocean_menu_link_active_background":"","ocean_menu_social_links_bg":"","ocean_menu_social_hover_links_bg":"","ocean_menu_social_links_color":"","ocean_menu_social_hover_links_color":"","ocean_disable_title":"on","ocean_disable_heading":"default","ocean_post_title":"","ocean_post_subheading":"","ocean_post_title_style":"","ocean_post_title_background_color":"","ocean_post_title_background":0,"ocean_post_title_bg_image_position":"","ocean_post_title_bg_image_attachment":"","ocean_post_title_bg_image_repeat":"","ocean_post_title_bg_image_size":"","ocean_post_title_height":0,"ocean_post_title_bg_overlay":0.5,"ocean_post_title_bg_overlay_color":"","ocean_disable_breadcrumbs":"default","ocean_breadcrumbs_color":"","ocean_breadcrumbs_separator_color":"","ocean_breadcrumbs_links_color":"","ocean_breadcrumbs_links_hover_color":"","ocean_display_footer_widgets":"off","ocean_display_footer_bottom":"off","ocean_custom_footer_template":"","_joinchat":[],"footnotes":""},"class_list":["post-786","page","type-page","status-publish","hentry","entry","owp-thumbs-layout-horizontal","owp-btn-very-big","owp-tabs-layout-horizontal","has-no-thumbnails","has-product-nav"],"yoast_head":"<!-- This site is optimized with the Yoast SEO plugin v27.5 - https:\/\/yoast.com\/product\/yoast-seo-wordpress\/ -->\n<title>Ruta Degustaci\u00f3n Salazones de At\u00fan | Golah<\/title>\n<meta name=\"description\" content=\"Ruta Degustaci\u00f3n Salazones de At\u00fan\" \/>\n<meta name=\"robots\" content=\"index, follow, max-snippet:-1, max-image-preview:large, max-video-preview:-1\" \/>\n<link rel=\"canonical\" href=\"https:\/\/golah.es\/en\/ruta-a-por-atun-y-ver-al-duque\/\" \/>\n<meta property=\"og:locale\" content=\"en_GB\" \/>\n<meta property=\"og:type\" content=\"article\" \/>\n<meta property=\"og:title\" content=\"Ruta Degustaci\u00f3n Salazones de At\u00fan | Golah\" \/>\n<meta property=\"og:description\" content=\"Ruta Degustaci\u00f3n Salazones de At\u00fan\" \/>\n<meta property=\"og:url\" content=\"https:\/\/golah.es\/en\/ruta-a-por-atun-y-ver-al-duque\/\" \/>\n<meta property=\"og:site_name\" content=\"Golah\" \/>\n<meta property=\"article:modified_time\" content=\"2024-12-05T13:30:42+00:00\" \/>\n<meta property=\"og:image\" content=\"https:\/\/golah.es\/wp-content\/uploads\/2024\/07\/foto-atun-300x224.png\" \/>\n<meta name=\"twitter:card\" content=\"summary_large_image\" \/>\n<meta name=\"twitter:label1\" content=\"Estimated reading time\" \/>\n\t<meta name=\"twitter:data1\" content=\"5 minutes\" \/>\n<script type=\"application\/ld+json\" class=\"yoast-schema-graph\">{\"@context\":\"https:\\\/\\\/schema.org\",\"@graph\":[{\"@type\":\"WebPage\",\"@id\":\"https:\\\/\\\/golah.es\\\/ruta-a-por-atun-y-ver-al-duque\\\/\",\"url\":\"https:\\\/\\\/golah.es\\\/ruta-a-por-atun-y-ver-al-duque\\\/\",\"name\":\"Ruta Degustaci\u00f3n Salazones de At\u00fan | Golah\",\"isPartOf\":{\"@id\":\"https:\\\/\\\/golah.es\\\/#website\"},\"primaryImageOfPage\":{\"@id\":\"https:\\\/\\\/golah.es\\\/ruta-a-por-atun-y-ver-al-duque\\\/#primaryimage\"},\"image\":{\"@id\":\"https:\\\/\\\/golah.es\\\/ruta-a-por-atun-y-ver-al-duque\\\/#primaryimage\"},\"thumbnailUrl\":\"https:\\\/\\\/golah.es\\\/wp-content\\\/uploads\\\/2024\\\/07\\\/foto-atun-300x224.png\",\"datePublished\":\"2024-07-12T08:28:45+00:00\",\"dateModified\":\"2024-12-05T13:30:42+00:00\",\"description\":\"Ruta Degustaci\u00f3n Salazones de At\u00fan\",\"breadcrumb\":{\"@id\":\"https:\\\/\\\/golah.es\\\/ruta-a-por-atun-y-ver-al-duque\\\/#breadcrumb\"},\"inLanguage\":\"en-GB\",\"potentialAction\":[{\"@type\":\"ReadAction\",\"target\":[\"https:\\\/\\\/golah.es\\\/ruta-a-por-atun-y-ver-al-duque\\\/\"]}]},{\"@type\":\"ImageObject\",\"inLanguage\":\"en-GB\",\"@id\":\"https:\\\/\\\/golah.es\\\/ruta-a-por-atun-y-ver-al-duque\\\/#primaryimage\",\"url\":\"https:\\\/\\\/golah.es\\\/wp-content\\\/uploads\\\/2024\\\/07\\\/foto-atun-300x224.png\",\"contentUrl\":\"https:\\\/\\\/golah.es\\\/wp-content\\\/uploads\\\/2024\\\/07\\\/foto-atun-300x224.png\"},{\"@type\":\"BreadcrumbList\",\"@id\":\"https:\\\/\\\/golah.es\\\/ruta-a-por-atun-y-ver-al-duque\\\/#breadcrumb\",\"itemListElement\":[{\"@type\":\"ListItem\",\"position\":1,\"name\":\"Portada\",\"item\":\"https:\\\/\\\/golah.es\\\/\"},{\"@type\":\"ListItem\",\"position\":2,\"name\":\"Ruta Degustaci\u00f3n Salazones de At\u00fan\"}]},{\"@type\":\"WebSite\",\"@id\":\"https:\\\/\\\/golah.es\\\/#website\",\"url\":\"https:\\\/\\\/golah.es\\\/\",\"name\":\"Golah\",\"description\":\"GOLAH\",\"publisher\":{\"@id\":\"https:\\\/\\\/golah.es\\\/#organization\"},\"alternateName\":\"Golah Turismo Marinero Conil\",\"potentialAction\":[{\"@type\":\"SearchAction\",\"target\":{\"@type\":\"EntryPoint\",\"urlTemplate\":\"https:\\\/\\\/golah.es\\\/?s={search_term_string}\"},\"query-input\":{\"@type\":\"PropertyValueSpecification\",\"valueRequired\":true,\"valueName\":\"search_term_string\"}}],\"inLanguage\":\"en-GB\"},{\"@type\":\"Organization\",\"@id\":\"https:\\\/\\\/golah.es\\\/#organization\",\"name\":\"Golah\",\"alternateName\":\"Golah\",\"url\":\"https:\\\/\\\/golah.es\\\/\",\"logo\":{\"@type\":\"ImageObject\",\"inLanguage\":\"en-GB\",\"@id\":\"https:\\\/\\\/golah.es\\\/#\\\/schema\\\/logo\\\/image\\\/\",\"url\":\"https:\\\/\\\/golah.es\\\/wp-content\\\/uploads\\\/2024\\\/12\\\/logo-golah-blue.png\",\"contentUrl\":\"https:\\\/\\\/golah.es\\\/wp-content\\\/uploads\\\/2024\\\/12\\\/logo-golah-blue.png\",\"width\":512,\"height\":512,\"caption\":\"Golah\"},\"image\":{\"@id\":\"https:\\\/\\\/golah.es\\\/#\\\/schema\\\/logo\\\/image\\\/\"}}]}<\/script>\n<!-- \/ Yoast SEO plugin. -->","yoast_head_json":{"title":"Ruta Degustaci\u00f3n Salazones de At\u00fan | Golah","description":"Tuna Salted Products Tasting Route","robots":{"index":"index","follow":"follow","max-snippet":"max-snippet:-1","max-image-preview":"max-image-preview:large","max-video-preview":"max-video-preview:-1"},"canonical":"https:\/\/golah.es\/en\/ruta-a-por-atun-y-ver-al-duque\/","og_locale":"en_GB","og_type":"article","og_title":"Ruta Degustaci\u00f3n Salazones de At\u00fan | Golah","og_description":"Ruta Degustaci\u00f3n Salazones de At\u00fan","og_url":"https:\/\/golah.es\/en\/ruta-a-por-atun-y-ver-al-duque\/","og_site_name":"Golah","article_modified_time":"2024-12-05T13:30:42+00:00","og_image":[{"url":"https:\/\/golah.es\/wp-content\/uploads\/2024\/07\/foto-atun-300x224.png","type":"","width":"","height":""}],"twitter_card":"summary_large_image","twitter_misc":{"Estimated reading time":"5 minutes"},"schema":{"@context":"https:\/\/schema.org","@graph":[{"@type":"WebPage","@id":"https:\/\/golah.es\/ruta-a-por-atun-y-ver-al-duque\/","url":"https:\/\/golah.es\/ruta-a-por-atun-y-ver-al-duque\/","name":"Ruta Degustaci\u00f3n Salazones de At\u00fan | Golah","isPartOf":{"@id":"https:\/\/golah.es\/#website"},"primaryImageOfPage":{"@id":"https:\/\/golah.es\/ruta-a-por-atun-y-ver-al-duque\/#primaryimage"},"image":{"@id":"https:\/\/golah.es\/ruta-a-por-atun-y-ver-al-duque\/#primaryimage"},"thumbnailUrl":"https:\/\/golah.es\/wp-content\/uploads\/2024\/07\/foto-atun-300x224.png","datePublished":"2024-07-12T08:28:45+00:00","dateModified":"2024-12-05T13:30:42+00:00","description":"Tuna Salted Products Tasting Route","breadcrumb":{"@id":"https:\/\/golah.es\/ruta-a-por-atun-y-ver-al-duque\/#breadcrumb"},"inLanguage":"en-GB","potentialAction":[{"@type":"ReadAction","target":["https:\/\/golah.es\/ruta-a-por-atun-y-ver-al-duque\/"]}]},{"@type":"ImageObject","inLanguage":"en-GB","@id":"https:\/\/golah.es\/ruta-a-por-atun-y-ver-al-duque\/#primaryimage","url":"https:\/\/golah.es\/wp-content\/uploads\/2024\/07\/foto-atun-300x224.png","contentUrl":"https:\/\/golah.es\/wp-content\/uploads\/2024\/07\/foto-atun-300x224.png"},{"@type":"BreadcrumbList","@id":"https:\/\/golah.es\/ruta-a-por-atun-y-ver-al-duque\/#breadcrumb","itemListElement":[{"@type":"ListItem","position":1,"name":"Portada","item":"https:\/\/golah.es\/"},{"@type":"ListItem","position":2,"name":"Ruta Degustaci\u00f3n Salazones de At\u00fan"}]},{"@type":"WebSite","@id":"https:\/\/golah.es\/#website","url":"https:\/\/golah.es\/","name":"Golah","description":"GOLAH","publisher":{"@id":"https:\/\/golah.es\/#organization"},"alternateName":"Golah Turismo Marinero Conil","potentialAction":[{"@type":"SearchAction","target":{"@type":"EntryPoint","urlTemplate":"https:\/\/golah.es\/?s={search_term_string}"},"query-input":{"@type":"PropertyValueSpecification","valueRequired":true,"valueName":"search_term_string"}}],"inLanguage":"en-GB"},{"@type":"Organization","@id":"https:\/\/golah.es\/#organization","name":"Golah","alternateName":"Golah","url":"https:\/\/golah.es\/","logo":{"@type":"ImageObject","inLanguage":"en-GB","@id":"https:\/\/golah.es\/#\/schema\/logo\/image\/","url":"https:\/\/golah.es\/wp-content\/uploads\/2024\/12\/logo-golah-blue.png","contentUrl":"https:\/\/golah.es\/wp-content\/uploads\/2024\/12\/logo-golah-blue.png","width":512,"height":512,"caption":"Golah"},"image":{"@id":"https:\/\/golah.es\/#\/schema\/logo\/image\/"}}]}},"jetpack_sharing_enabled":true,"_links":{"self":[{"href":"https:\/\/golah.es\/en\/wp-json\/wp\/v2\/pages\/786","targetHints":{"allow":["GET"]}}],"collection":[{"href":"https:\/\/golah.es\/en\/wp-json\/wp\/v2\/pages"}],"about":[{"href":"https:\/\/golah.es\/en\/wp-json\/wp\/v2\/types\/page"}],"author":[{"embeddable":true,"href":"https:\/\/golah.es\/en\/wp-json\/wp\/v2\/users\/1"}],"replies":[{"embeddable":true,"href":"https:\/\/golah.es\/en\/wp-json\/wp\/v2\/comments?post=786"}],"version-history":[{"count":0,"href":"https:\/\/golah.es\/en\/wp-json\/wp\/v2\/pages\/786\/revisions"}],"wp:attachment":[{"href":"https:\/\/golah.es\/en\/wp-json\/wp\/v2\/media?parent=786"}],"curies":[{"name":"wp","href":"https:\/\/api.w.org\/{rel}","templated":true}]}}