{"id":1742,"date":"2024-10-13T14:51:03","date_gmt":"2024-10-13T12:51:03","guid":{"rendered":"https:\/\/golah.local\/?page_id=1742"},"modified":"2025-03-13T17:06:52","modified_gmt":"2025-03-13T16:06:52","slug":"politica-de-cancelacion-anulacion","status":"publish","type":"page","link":"https:\/\/golah.es\/en\/politica-de-cancelacion-anulacion\/","title":{"rendered":"Cancellation policy"},"content":{"rendered":"<div data-elementor-type=\"wp-page\" data-elementor-id=\"1742\" class=\"elementor elementor-1742\">\n\t\t\t\t<div class=\"elementor-element elementor-element-1e98def aviso-politica e-flex e-con-boxed e-con e-parent\" data-id=\"1e98def\" data-element_type=\"container\" data-e-type=\"container\">\n\t\t\t\t\t<div class=\"e-con-inner\">\n\t\t\t\t<div class=\"elementor-element elementor-element-6caac71 section-title elementor-widget elementor-widget-heading\" data-id=\"6caac71\" data-element_type=\"widget\" data-e-type=\"widget\" data-widget_type=\"heading.default\">\n\t\t\t\t<div class=\"elementor-widget-container\">\n\t\t\t\t\t<h1 class=\"elementor-heading-title elementor-size-default\">POL\u00cdTICA DE CANCELACI\u00d3N<\/h1>\t\t\t\t<\/div>\n\t\t\t\t<\/div>\n\t\t\t\t<div class=\"elementor-element elementor-element-42b92e6 aviso-politica-content elementor-widget elementor-widget-text-editor\" data-id=\"42b92e6\" data-element_type=\"widget\" data-e-type=\"widget\" data-widget_type=\"text-editor.default\">\n\t\t\t\t<div class=\"elementor-widget-container\">\n\t\t\t\t\t\t\t\t\t<h2>CANCELLATION BY THE CLIENT<\/h2>\n<p>All cancellations must be communicated to Golah Charter by e-mail to golahconil@gmail.com, indicating the corresponding reservation number.<\/p>\n<p>The client is entitled to a full refund of the amounts paid, except for the cancellation costs of the booking, which represent 10% of the value (up to a maximum of \u20ac5 per person), provided that notice of cancellation is given up to 48 hours before the activity is due to take place.<\/p>\n<p>In the event that the client communicates the cancellation between 48 hours and 24 hours prior to the activity, he\/she will be entitled to a refund of 50% of the total amount paid for the activity booked.<\/p>\n<p>In the event that the client communicates the cancellation within 24 hours prior to the activity, no refund or reimbursement of the amounts paid for the activity booked will be made.<\/p>\n<p>The \u2018GIFT CARDS\u2019 will not be refundable for their amount. Once the \u2018Gift Code\u2019 has been used to make a route booking, if it is cancelled up to 48 hours before the activity takes place, the same code will be reactivated so that it can be redeemed within the current year.<\/p>\n<p>If the \u2018Gift Card\u2019 is cancelled within 48 hours prior to the activity, no refund will be made and no new \u2018Gift Code\u2019 will be provided, losing any right to claim or to carry out the activity.<\/p>\n<p>The right to any refund or reimbursement shall also be forfeited in the following cases:<\/p>\n<ul class=\"policy-list\">\n<li>Uncomfortable or inappropriate behaviour towards the rest of the users in the activity, forcing those responsible to act with the corresponding authority.<\/li>\n<li>Failure to show up at the agreed time at the agreed place for the activity.<\/li>\n<li>Voluntary abandonment, once the activity has started.<\/li>\n<\/ul>\t\t\t\t\t\t\t\t<\/div>\n\t\t\t\t<\/div>\n\t\t\t\t<div class=\"elementor-element elementor-element-ccee7c7 aviso-politica-content elementor-widget elementor-widget-text-editor\" data-id=\"ccee7c7\" data-element_type=\"widget\" data-e-type=\"widget\" data-widget_type=\"text-editor.default\">\n\t\t\t\t<div class=\"elementor-widget-container\">\n\t\t\t\t\t\t\t\t\t<h2 class=\"subsection-title\">CANCELLATION BY CHARTER GOLAH COMPANY<\/h2><p>The company Charter Golah undertakes to carry out the entire contracted service, with the characteristics and conditions stipulated in each route.<\/p><p>In the event that the company is obliged to significantly modify any essential element of the activity, it will contact the person who made the reservation through the channels indicated by Charter Golah.<\/p><p>In the event that the company is forced to cancel the route before the departure date, for any reason beyond the client's control, the client will be entitled to a full refund (100%) of all amounts paid for the cancelled activity, within a maximum period of 10 working days.<\/p><p>The \u2018GIFT CARDS\u2019 are non-refundable. Once the \u2018Gift Code\u2019 has been used to make a route booking, if Golah Charter is forced to cancel the activity, the same code will be reactivated so that it can be redeemed, within the current year, communicating it by email (or by telephone if indicated in the booking) as soon as possible.<\/p><p>If the activity booked does not meet the minimum capacity of 5 people, Charter Golah may opt for operational cancellation, notifying the client within 24 hours prior to the activity booked, offering him\/her:<\/p><ul class=\"policy-list\"><li>An alternative route.<\/li><li>A full refund (100%) of all amounts paid for the cancelled activity, within a maximum period of 10 days.<\/li><\/ul>\t\t\t\t\t\t\t\t<\/div>\n\t\t\t\t<\/div>\n\t\t\t\t<div class=\"elementor-element elementor-element-3f01654 aviso-politica-content elementor-widget elementor-widget-text-editor\" data-id=\"3f01654\" data-element_type=\"widget\" data-e-type=\"widget\" data-widget_type=\"text-editor.default\">\n\t\t\t\t<div class=\"elementor-widget-container\">\n\t\t\t\t\t\t\t\t\t<h2 class=\"subsection-title\">CANCELLATION OF THE ACTIVITY DUE TO BAD WEATHER CONDITIONS<\/h2><p>In order to guarantee safety and to avoid danger to the physical integrity of the clients or the boat, Charter Golah reserves the right to cancel the booked activity in the following cases:<\/p><ul class=\"policy-list\"><li>Warnings for heavy rain or wind in the area, at the time of the booked activity.<\/li><li>Possibility of fog, in the time frame in which the booked activity will take place.<\/li><\/ul><p>In these cases of cancellation, the company Charter Golah will refund the client in full (100%) of all the amounts paid for the cancelled activity, within a maximum period of 10 working days.<\/p>\t\t\t\t\t\t\t\t<\/div>\n\t\t\t\t<\/div>\n\t\t\t\t<div class=\"elementor-element elementor-element-d172c04 recommendations elementor-widget elementor-widget-text-editor\" data-id=\"d172c04\" data-element_type=\"widget\" data-e-type=\"widget\" data-widget_type=\"text-editor.default\">\n\t\t\t\t<div class=\"elementor-widget-container\">\n\t\t\t\t\t\t\t\t\t<h2 class=\"subsection-title\">RECOMMENDATIONS \/ OBSERVATIONS<\/h2><ul class=\"policy-list\"><li>It is recommended to be at the meeting point at least 10 minutes before the start of the booked activity.<\/li><li>Carry identity papers.<\/li><li>Do not forget sunscreen.<\/li><li>Pets are not allowed on board.<\/li><li>-Departures according to weather conditions.<\/li><\/ul>\t\t\t\t\t\t\t\t<\/div>\n\t\t\t\t<\/div>\n\t\t\t\t\t<\/div>\n\t\t\t\t<\/div>\n\t\t\t\t<\/div>","protected":false},"excerpt":{"rendered":"<p>POL\u00cdTICA DE CANCELACI\u00d3N CANCELACI\u00d3N POR PARTE DEL CLIENTE Toda cancelaci\u00f3n deber\u00e1 comunicarse a Ch\u00e1rter Golah por correo electr\u00f3nico a golahconil@gmail.com, indicando el n\u00famero de reserva correspondiente. El cliente tiene derecho a la devoluci\u00f3n total de las cantidades satisfechas, excepto los costes de anulaci\u00f3n de la reserva, que representan el 10% del valor (hasta un m\u00e1ximo [&hellip;]<\/p>\n","protected":false},"author":1,"featured_media":0,"parent":0,"menu_order":0,"comment_status":"closed","ping_status":"closed","template":"","meta":{"ocean_post_layout":"full-screen","ocean_both_sidebars_style":"","ocean_both_sidebars_content_width":0,"ocean_both_sidebars_sidebars_width":0,"ocean_sidebar":"","ocean_second_sidebar":"","ocean_disable_margins":"enable","ocean_add_body_class":"","ocean_shortcode_before_top_bar":"","ocean_shortcode_after_top_bar":"","ocean_shortcode_before_header":"","ocean_shortcode_after_header":"","ocean_has_shortcode":"","ocean_shortcode_after_title":"","ocean_shortcode_before_footer_widgets":"","ocean_shortcode_after_footer_widgets":"","ocean_shortcode_before_footer_bottom":"","ocean_shortcode_after_footer_bottom":"","ocean_display_top_bar":"off","ocean_display_header":"default","ocean_header_style":"","ocean_center_header_left_menu":"","ocean_custom_header_template":"","ocean_custom_logo":0,"ocean_custom_retina_logo":0,"ocean_custom_logo_max_width":0,"ocean_custom_logo_tablet_max_width":0,"ocean_custom_logo_mobile_max_width":0,"ocean_custom_logo_max_height":0,"ocean_custom_logo_tablet_max_height":0,"ocean_custom_logo_mobile_max_height":0,"ocean_header_custom_menu":"","ocean_menu_typo_font_family":"","ocean_menu_typo_font_subset":"","ocean_menu_typo_font_size":0,"ocean_menu_typo_font_size_tablet":0,"ocean_menu_typo_font_size_mobile":0,"ocean_menu_typo_font_size_unit":"px","ocean_menu_typo_font_weight":"","ocean_menu_typo_font_weight_tablet":"","ocean_menu_typo_font_weight_mobile":"","ocean_menu_typo_transform":"","ocean_menu_typo_transform_tablet":"","ocean_menu_typo_transform_mobile":"","ocean_menu_typo_line_height":0,"ocean_menu_typo_line_height_tablet":0,"ocean_menu_typo_line_height_mobile":0,"ocean_menu_typo_line_height_unit":"","ocean_menu_typo_spacing":0,"ocean_menu_typo_spacing_tablet":0,"ocean_menu_typo_spacing_mobile":0,"ocean_menu_typo_spacing_unit":"","ocean_menu_link_color":"","ocean_menu_link_color_hover":"","ocean_menu_link_color_active":"","ocean_menu_link_background":"","ocean_menu_link_hover_background":"","ocean_menu_link_active_background":"","ocean_menu_social_links_bg":"","ocean_menu_social_hover_links_bg":"","ocean_menu_social_links_color":"","ocean_menu_social_hover_links_color":"","ocean_disable_title":"on","ocean_disable_heading":"default","ocean_post_title":"","ocean_post_subheading":"","ocean_post_title_style":"","ocean_post_title_background_color":"","ocean_post_title_background":0,"ocean_post_title_bg_image_position":"","ocean_post_title_bg_image_attachment":"","ocean_post_title_bg_image_repeat":"","ocean_post_title_bg_image_size":"","ocean_post_title_height":0,"ocean_post_title_bg_overlay":0.5,"ocean_post_title_bg_overlay_color":"","ocean_disable_breadcrumbs":"default","ocean_breadcrumbs_color":"","ocean_breadcrumbs_separator_color":"","ocean_breadcrumbs_links_color":"","ocean_breadcrumbs_links_hover_color":"","ocean_display_footer_widgets":"off","ocean_display_footer_bottom":"off","ocean_custom_footer_template":"","_joinchat":[],"footnotes":""},"class_list":["post-1742","page","type-page","status-publish","hentry","entry","owp-thumbs-layout-horizontal","owp-btn-very-big","owp-tabs-layout-horizontal","has-no-thumbnails","has-product-nav"],"yoast_head":"<!-- This site is optimized with the Yoast SEO plugin v27.5 - https:\/\/yoast.com\/product\/yoast-seo-wordpress\/ -->\n<title>Pol\u00edtica de cancelaci\u00f3n | Golah<\/title>\n<meta name=\"description\" content=\"Pol\u00edtica de cancelaci\u00f3n\" \/>\n<meta name=\"robots\" content=\"index, nofollow, max-snippet:-1, max-image-preview:large, max-video-preview:-1\" \/>\n<link rel=\"canonical\" href=\"https:\/\/golah.es\/en\/politica-de-cancelacion-anulacion\/\" \/>\n<meta property=\"og:locale\" content=\"en_GB\" \/>\n<meta property=\"og:type\" content=\"article\" \/>\n<meta property=\"og:title\" content=\"Pol\u00edtica de cancelaci\u00f3n | Golah\" \/>\n<meta property=\"og:description\" content=\"Pol\u00edtica de cancelaci\u00f3n\" \/>\n<meta property=\"og:url\" content=\"https:\/\/golah.es\/en\/politica-de-cancelacion-anulacion\/\" \/>\n<meta property=\"og:site_name\" content=\"Golah\" \/>\n<meta property=\"article:modified_time\" content=\"2025-03-13T16:06:52+00:00\" \/>\n<meta property=\"og:image\" content=\"https:\/\/golah.es\/wp-content\/uploads\/2024\/12\/Captura-de-pantalla-2024-12-03-a-las-11.24.57-1024x576.png\" \/>\n\t<meta property=\"og:image:width\" content=\"1024\" \/>\n\t<meta property=\"og:image:height\" content=\"576\" \/>\n\t<meta property=\"og:image:type\" content=\"image\/png\" \/>\n<meta name=\"twitter:card\" content=\"summary_large_image\" \/>\n<meta name=\"twitter:label1\" content=\"Estimated reading time\" \/>\n\t<meta name=\"twitter:data1\" content=\"4 minutes\" \/>\n<script type=\"application\/ld+json\" class=\"yoast-schema-graph\">{\"@context\":\"https:\\\/\\\/schema.org\",\"@graph\":[{\"@type\":\"WebPage\",\"@id\":\"https:\\\/\\\/golah.es\\\/politica-de-cancelacion-anulacion\\\/\",\"url\":\"https:\\\/\\\/golah.es\\\/politica-de-cancelacion-anulacion\\\/\",\"name\":\"Pol\u00edtica de cancelaci\u00f3n | Golah\",\"isPartOf\":{\"@id\":\"https:\\\/\\\/golah.es\\\/#website\"},\"datePublished\":\"2024-10-13T12:51:03+00:00\",\"dateModified\":\"2025-03-13T16:06:52+00:00\",\"description\":\"Pol\u00edtica de cancelaci\u00f3n\",\"breadcrumb\":{\"@id\":\"https:\\\/\\\/golah.es\\\/politica-de-cancelacion-anulacion\\\/#breadcrumb\"},\"inLanguage\":\"en-GB\",\"potentialAction\":[{\"@type\":\"ReadAction\",\"target\":[\"https:\\\/\\\/golah.es\\\/politica-de-cancelacion-anulacion\\\/\"]}]},{\"@type\":\"BreadcrumbList\",\"@id\":\"https:\\\/\\\/golah.es\\\/politica-de-cancelacion-anulacion\\\/#breadcrumb\",\"itemListElement\":[{\"@type\":\"ListItem\",\"position\":1,\"name\":\"Portada\",\"item\":\"https:\\\/\\\/golah.es\\\/\"},{\"@type\":\"ListItem\",\"position\":2,\"name\":\"Pol\u00edtica de cancelaci\u00f3n\"}]},{\"@type\":\"WebSite\",\"@id\":\"https:\\\/\\\/golah.es\\\/#website\",\"url\":\"https:\\\/\\\/golah.es\\\/\",\"name\":\"Golah\",\"description\":\"GOLAH\",\"publisher\":{\"@id\":\"https:\\\/\\\/golah.es\\\/#organization\"},\"alternateName\":\"Golah Turismo Marinero Conil\",\"potentialAction\":[{\"@type\":\"SearchAction\",\"target\":{\"@type\":\"EntryPoint\",\"urlTemplate\":\"https:\\\/\\\/golah.es\\\/?s={search_term_string}\"},\"query-input\":{\"@type\":\"PropertyValueSpecification\",\"valueRequired\":true,\"valueName\":\"search_term_string\"}}],\"inLanguage\":\"en-GB\"},{\"@type\":\"Organization\",\"@id\":\"https:\\\/\\\/golah.es\\\/#organization\",\"name\":\"Golah\",\"alternateName\":\"Golah\",\"url\":\"https:\\\/\\\/golah.es\\\/\",\"logo\":{\"@type\":\"ImageObject\",\"inLanguage\":\"en-GB\",\"@id\":\"https:\\\/\\\/golah.es\\\/#\\\/schema\\\/logo\\\/image\\\/\",\"url\":\"https:\\\/\\\/golah.es\\\/wp-content\\\/uploads\\\/2024\\\/12\\\/logo-golah-blue.png\",\"contentUrl\":\"https:\\\/\\\/golah.es\\\/wp-content\\\/uploads\\\/2024\\\/12\\\/logo-golah-blue.png\",\"width\":512,\"height\":512,\"caption\":\"Golah\"},\"image\":{\"@id\":\"https:\\\/\\\/golah.es\\\/#\\\/schema\\\/logo\\\/image\\\/\"}}]}<\/script>\n<!-- \/ Yoast SEO plugin. -->","yoast_head_json":{"title":"Pol\u00edtica de cancelaci\u00f3n | Golah","description":"Cancellation policy","robots":{"index":"index","follow":"nofollow","max-snippet":"max-snippet:-1","max-image-preview":"max-image-preview:large","max-video-preview":"max-video-preview:-1"},"canonical":"https:\/\/golah.es\/en\/politica-de-cancelacion-anulacion\/","og_locale":"en_GB","og_type":"article","og_title":"Pol\u00edtica de cancelaci\u00f3n | Golah","og_description":"Pol\u00edtica de cancelaci\u00f3n","og_url":"https:\/\/golah.es\/en\/politica-de-cancelacion-anulacion\/","og_site_name":"Golah","article_modified_time":"2025-03-13T16:06:52+00:00","og_image":[{"width":1024,"height":576,"url":"https:\/\/golah.es\/wp-content\/uploads\/2024\/12\/Captura-de-pantalla-2024-12-03-a-las-11.24.57-1024x576.png","type":"image\/png"}],"twitter_card":"summary_large_image","twitter_misc":{"Estimated reading time":"4 minutes"},"schema":{"@context":"https:\/\/schema.org","@graph":[{"@type":"WebPage","@id":"https:\/\/golah.es\/politica-de-cancelacion-anulacion\/","url":"https:\/\/golah.es\/politica-de-cancelacion-anulacion\/","name":"Pol\u00edtica de cancelaci\u00f3n | Golah","isPartOf":{"@id":"https:\/\/golah.es\/#website"},"datePublished":"2024-10-13T12:51:03+00:00","dateModified":"2025-03-13T16:06:52+00:00","description":"Cancellation policy","breadcrumb":{"@id":"https:\/\/golah.es\/politica-de-cancelacion-anulacion\/#breadcrumb"},"inLanguage":"en-GB","potentialAction":[{"@type":"ReadAction","target":["https:\/\/golah.es\/politica-de-cancelacion-anulacion\/"]}]},{"@type":"BreadcrumbList","@id":"https:\/\/golah.es\/politica-de-cancelacion-anulacion\/#breadcrumb","itemListElement":[{"@type":"ListItem","position":1,"name":"Portada","item":"https:\/\/golah.es\/"},{"@type":"ListItem","position":2,"name":"Pol\u00edtica de cancelaci\u00f3n"}]},{"@type":"WebSite","@id":"https:\/\/golah.es\/#website","url":"https:\/\/golah.es\/","name":"Golah","description":"GOLAH","publisher":{"@id":"https:\/\/golah.es\/#organization"},"alternateName":"Golah Turismo Marinero Conil","potentialAction":[{"@type":"SearchAction","target":{"@type":"EntryPoint","urlTemplate":"https:\/\/golah.es\/?s={search_term_string}"},"query-input":{"@type":"PropertyValueSpecification","valueRequired":true,"valueName":"search_term_string"}}],"inLanguage":"en-GB"},{"@type":"Organization","@id":"https:\/\/golah.es\/#organization","name":"Golah","alternateName":"Golah","url":"https:\/\/golah.es\/","logo":{"@type":"ImageObject","inLanguage":"en-GB","@id":"https:\/\/golah.es\/#\/schema\/logo\/image\/","url":"https:\/\/golah.es\/wp-content\/uploads\/2024\/12\/logo-golah-blue.png","contentUrl":"https:\/\/golah.es\/wp-content\/uploads\/2024\/12\/logo-golah-blue.png","width":512,"height":512,"caption":"Golah"},"image":{"@id":"https:\/\/golah.es\/#\/schema\/logo\/image\/"}}]}},"jetpack_sharing_enabled":true,"_links":{"self":[{"href":"https:\/\/golah.es\/en\/wp-json\/wp\/v2\/pages\/1742","targetHints":{"allow":["GET"]}}],"collection":[{"href":"https:\/\/golah.es\/en\/wp-json\/wp\/v2\/pages"}],"about":[{"href":"https:\/\/golah.es\/en\/wp-json\/wp\/v2\/types\/page"}],"author":[{"embeddable":true,"href":"https:\/\/golah.es\/en\/wp-json\/wp\/v2\/users\/1"}],"replies":[{"embeddable":true,"href":"https:\/\/golah.es\/en\/wp-json\/wp\/v2\/comments?post=1742"}],"version-history":[{"count":0,"href":"https:\/\/golah.es\/en\/wp-json\/wp\/v2\/pages\/1742\/revisions"}],"wp:attachment":[{"href":"https:\/\/golah.es\/en\/wp-json\/wp\/v2\/media?parent=1742"}],"curies":[{"name":"wp","href":"https:\/\/api.w.org\/{rel}","templated":true}]}}