{"id":1582,"date":"2024-09-30T15:50:27","date_gmt":"2024-09-30T13:50:27","guid":{"rendered":"https:\/\/golah.local\/politica-de-privacidad\/"},"modified":"2024-12-19T18:32:00","modified_gmt":"2024-12-19T17:32:00","slug":"politica-de-privacidad","status":"publish","type":"page","link":"https:\/\/golah.es\/en\/politica-de-privacidad\/","title":{"rendered":"Privacy Policy"},"content":{"rendered":"<div data-elementor-type=\"wp-page\" data-elementor-id=\"1582\" class=\"elementor elementor-1582\">\n\t\t\t\t<div class=\"elementor-element elementor-element-20e7d9d aviso-politica e-flex e-con-boxed e-con e-parent\" data-id=\"20e7d9d\" data-element_type=\"container\" data-e-type=\"container\">\n\t\t\t\t\t<div class=\"e-con-inner\">\n\t\t\t\t<div class=\"elementor-element elementor-element-181177c elementor-widget elementor-widget-heading\" data-id=\"181177c\" data-element_type=\"widget\" data-e-type=\"widget\" data-widget_type=\"heading.default\">\n\t\t\t\t<div class=\"elementor-widget-container\">\n\t\t\t\t\t<h1 class=\"elementor-heading-title elementor-size-default\">POL\u00cdTICA DE PRIVACIDAD<\/h1>\t\t\t\t<\/div>\n\t\t\t\t<\/div>\n\t\t\t\t<div class=\"elementor-element elementor-element-b0f7044 aviso-politica-content elementor-widget elementor-widget-text-editor\" data-id=\"b0f7044\" data-element_type=\"widget\" data-e-type=\"widget\" data-widget_type=\"text-editor.default\">\n\t\t\t\t<div class=\"elementor-widget-container\">\n\t\t\t\t\t\t\t\t\t<div class=\"cancellation-policy\"><h2 class=\"section-title\">PROTECCI\u00d3N DE DATOS DE CAR\u00c1CTER PERSONAL SEG\u00daN EL RGPD<\/h2><div class=\"policy-content\"><p>Juan Jos\u00e9 P\u00e9rez Camacho, en aplicaci\u00f3n de la normativa vigente en materia de protecci\u00f3n de datos de car\u00e1cter personal, informa que los datos personales que se recogen a trav\u00e9s de los formularios del Sitio web: https:\/\/golah.es\/, se incluyen en los ficheros automatizados espec\u00edficos de usuarios de los servicios de Juan Jos\u00e9 P\u00e9rez Camacho<\/p><h2 class=\"subsection-title\">Finalidad y Tratamiento de Datos<\/h2><p>The purpose of the collection and automated processing of personal data is the maintenance of the commercial relationship and the performance of information, training, consultancy and other activities of Juan Jos\u00e9 P\u00e9rez Camacho.<\/p><p>En Juan Jos\u00e9 P\u00e9rez Camacho, trataremos tus datos personales con las siguientes finalidades:<\/p><ul class=\"policy-list\"><li>Sending commercial information and newsletters about new services offered on the website and the sector.<\/li><li>La transmisi\u00f3n de datos a terceros con fines comerciales, contractuales, administrativos, de mercadeo y\/o operativos.<\/li><li>To provide the services contracted by the user.<\/li><li>Send promotional information electronically.<\/li><li>Dar respuesta a las consultas o cualquier tipo de petici\u00f3n realizada por el USUARIO.<\/li><\/ul><h2 class=\"subsection-title\">Conservaci\u00f3n de Datos<\/h2><p>The personal data provided will be kept for as long as the commercial relationship is maintained or you do not request its deletion and for the period of time for which legal responsibilities may arise from the services provided.<\/p><h2 class=\"subsection-title\">Legitimaci\u00f3n<\/h2><p>El tratamiento de tus datos se realiza con las siguientes bases jur\u00eddicas:<\/p><ul class=\"policy-list\"><li>La solicitud de informaci\u00f3n y\/o la contrataci\u00f3n de los servicios de Juan Jos\u00e9 P\u00e9rez Camacho.<\/li><li>El consentimiento libre, espec\u00edfico, informado e inequ\u00edvoco del usuario.<\/li><\/ul><h2 class=\"subsection-title\">Derechos del Usuario<\/h2><p>El usuario podr\u00e1 ejercitar los derechos de:<\/p><ul class=\"policy-list\"><li>Acceso<\/li><li>Oposici\u00f3n<\/li><li>Rectificaci\u00f3n<\/li><li>Cancelaci\u00f3n<\/li><li>Limitaci\u00f3n<\/li><li>Portabilidad<\/li><\/ul><h2 class=\"subsection-title\">Propiedad Intelectual<\/h2><p>Juan Jos\u00e9 P\u00e9rez Camacho es titular de todos los derechos de autor, propiedad intelectual, industrial, \u00abknow how\u00bb y cuantos otros derechos guardan relaci\u00f3n con los contenidos del sitio web https:\/\/golah.es\/<\/p><h2 class=\"subsection-title\">Prohibiciones de Uso<\/h2><p>Se proh\u00edbe espec\u00edficamente:<\/p><ul class=\"policy-list\"><li>La utilizaci\u00f3n contraria a las leyes espa\u00f1olas o que infrinja derechos de terceros.<\/li><li>La publicaci\u00f3n de contenido violento, obsceno, abusivo, ilegal, racial, xen\u00f3fobo o difamatorio.<\/li><li>Los cracks, n\u00fameros de serie de programas o cualquier contenido que vulnere derechos de propiedad intelectual.<\/li><li>La recogida de datos personales sin consentimiento.<\/li><li>El uso del servidor de correo para env\u00edo de correo masivo no deseado.<\/li><\/ul><h2 class=\"subsection-title\">Protecci\u00f3n de la Informaci\u00f3n<\/h2><p>Juan Jos\u00e9 P\u00e9rez Camacho realiza copias de seguridad de los contenidos alojados en sus servidores, sin embargo no se responsabiliza de la p\u00e9rdida o el borrado accidental de los datos por parte de los usuarios.<\/p><h2 class=\"subsection-title\">Comunicaciones Comerciales<\/h2><p>Juan Jos\u00e9 P\u00e9rez Camacho no enviar\u00e1 comunicaciones publicitarias o promocionales que no hubieran sido previamente solicitadas o expresamente autorizadas por los destinatarios.<\/p><p class=\"revision-number\">REV: 20.3009<\/p><\/div><\/div>\t\t\t\t\t\t\t\t<\/div>\n\t\t\t\t<\/div>\n\t\t\t\t\t<\/div>\n\t\t\t\t<\/div>\n\t\t<div class=\"elementor-element elementor-element-0e20627 e-flex e-con-boxed e-con e-parent\" data-id=\"0e20627\" data-element_type=\"container\" data-e-type=\"container\">\n\t\t\t\t\t<div class=\"e-con-inner\">\n\t\t\t\t<div class=\"elementor-element elementor-element-40426dc elementor-widget elementor-widget-text-editor\" data-id=\"40426dc\" data-element_type=\"widget\" data-e-type=\"widget\" data-widget_type=\"text-editor.default\">\n\t\t\t\t<div class=\"elementor-widget-container\">\n\t\t\t\t\t\t\t\t\t<h3>Personal data protection under the GDPR<\/h3><p>Juan Jos\u00e9 P\u00e9rez Camacho, en aplicaci\u00f3n de la normativa vigente en materia de\u00a0<a href=\"https:\/\/protecciondatos-lopd.com\/auditoria\/proteccion-datos\/\">protecci\u00f3n de datos<\/a>\u00a0de car\u00e1cter personal, informa que los datos personales que se recogen a trav\u00e9s de los formularios del Sitio web: https:\/\/golah.es\/, se incluyen en los ficheros automatizados espec\u00edficos de usuarios de los servicios de Juan Jos\u00e9 P\u00e9rez Camacho<\/p><p>The purpose of the collection and automated processing of personal data is the maintenance of the commercial relationship and the performance of information, training, consultancy and other activities of Juan Jos\u00e9 P\u00e9rez Camacho.<\/p><p>These data will only be transferred to those entities that are necessary for the sole purpose of complying with the aforementioned purpose.<\/p><p>Juan Jos\u00e9 P\u00e9rez Camacho adopts the necessary measures to guarantee the security, integrity and confidentiality of the data in accordance with the provisions of Regulation (EU) 2016\/679 of the European Parliament and of the Council of 27 April 2016 on the protection of natural persons with regard to the processing of personal data and on the free movement of such data, and repealing the old LOPD, the new Organic Law 3\/2018, of 5 December, on Data Protection and Guarantee of Digital Rights (LOPDGDDD).<\/p><p>The user may at any time exercise the rights of access, opposition, rectification, cancellation, limitation and portability recognised in the aforementioned Regulation (EU). These rights may be exercised by the user by sending an email to: juanjosepc80@gmail.com or to the following address: C\/ 25 de Noviembre, Bloque 3, Casa F, C.P. 11140 - Conil de La Frontera (C\u00e1diz).<\/p><p>The user declares that all the data provided by him\/her are true and correct, and undertakes to keep them updated, notifying Juan Jos\u00e9 P\u00e9rez Camacho of any changes.<\/p><h5><strong>Purpose of the processing of personal data:<\/strong><\/h5><p><strong>For what purposes will we process your personal data?<\/strong><\/p><p>At Juan Jos\u00e9 P\u00e9rez Camacho, we will process your personal data collected through the website: https:\/\/golah.es\/, for the following purposes:<\/p><ol><li>Sending commercial information and newsletters about new services offered on the website and the sector.<\/li><li>The transmission of data to third parties with whom contracts have been concluded for this purpose, for commercial, contractual, administrative, marketing and\/or operational purposes.<\/li><li>To provide the services contracted by the user.<\/li><li>Send promotional information electronically.<\/li><li>To respond to queries or any type of request made by the USER through any of the contact methods made available on the RESPONSIBLE website.<\/li><\/ol><p>We remind you that you may object to the sending of commercial communications by any means and at any time by sending an e-mail to the above address.<\/p><p>The fields in these registers must be filled in, and it is impossible to carry out the purposes expressed if these data are not provided.<\/p><p><strong>How long will the personal data collected be kept?<\/strong><\/p><p>The personal data provided will be kept for as long as the commercial relationship is maintained or you do not request its deletion and for the period of time for which legal responsibilities may arise from the services provided.<\/p><h5>Legitimation:<\/h5><p>The processing of your data is carried out on the following legal bases that legitimise it:<\/p><ol><li>The request for information and\/or the contracting of the services of Juan Jos\u00e9 P\u00e9rez Camacho, whose terms and conditions will be made available to you in any case, prior to any eventual contracting.<\/li><li>Free, specific, informed and unequivocal consent, insofar as we inform you by making this privacy policy available to you, which, after reading it, if you agree, you can accept by means of a declaration or a clear affirmative action, such as ticking a box provided for this purpose.<\/li><\/ol><p>If you do not provide us with your details, or if you do so incorrectly or incompletely, we will not be able to deal with your request, making it impossible for us to provide you with the information requested or to carry out the contracting of the services.<\/p><h5>Target group:<\/h5><p>The data will not be communicated to any third party outside Juan Jos\u00e9 P\u00e9rez Camacho, unless legally obliged to do so.<\/p><h5>Data collected by users of the services<\/h5><p>In cases where the user includes files with personal data on the shared hosting servers, Juan Jos\u00e9 P\u00e9rez Camacho is not responsible for the user's failure to comply with the RGPD.<\/p><h5>Intellectual property rights https:\/\/golah.es\/<\/h5><p>Juan Jos\u00e9 P\u00e9rez Camacho is the owner of all copyrights, intellectual and industrial property rights, know-how and any other rights related to the contents of the website https:\/\/golah.es\/ and the services offered therein, as well as the programmes necessary for its implementation and related information.<\/p><p>The reproduction, publication and\/or any other than strictly private use of the contents, in whole or in part, of the website https:\/\/golah.es\/ is not permitted without prior written consent.<\/p><h5>Software Intellectual Property<\/h5><p>The user must respect third party programmes made available by Juan Jos\u00e9 P\u00e9rez Camacho, even if they are free and\/or publicly available.<\/p><p>Juan Jos\u00e9 P\u00e9rez Camacho has the necessary exploitation and intellectual property rights of the software.<\/p><p>The user does not acquire any rights or licences for the contracted service, for the software necessary for the provision of the service, nor for the technical information for monitoring the service, with the exception of the rights and licences necessary for the fulfilment of the contracted services and only for the duration of the contracted services.<\/p><p>For any action that exceeds the fulfilment of the contract, the user will need written authorisation from Juan Jos\u00e9 P\u00e9rez Camacho, and the user is prohibited from accessing, modifying, viewing the configuration, structure and files of the servers owned by Juan Jos\u00e9 P\u00e9rez Camacho, assuming the civil and criminal liability derived from any incident that may occur in the servers and security systems as a direct consequence of negligent or malicious action on his part.<\/p><h5>Intellectual property of hosted content<\/h5><p>The use contrary to the legislation on intellectual property of the services provided by Juan Jos\u00e9 P\u00e9rez Camacho and, in particular, of:<\/p><ol><li>Use that is contrary to Spanish law or infringes the rights of third parties.<\/li><li>The publication or transmission of any content which, in the opinion of Juan Jos\u00e9 P\u00e9rez Camacho, is violent, obscene, abusive, illegal, racial, xenophobic or defamatory.<\/li><li>Cracks, software serial numbers or any other content that infringes the intellectual property rights of third parties.<\/li><li>The collection and\/or use of personal data of other users without their express consent or in contravention of the provisions of Regulation (EU) 2016\/679 of the European Parliament and of the Council of 27 April 2016 on the protection of natural persons with regard to the processing of personal data and on the free movement of such data.<\/li><li>The use of the domain's mail server and e-mail addresses for the sending of unsolicited bulk e-mail.<\/li><\/ol><p>The user bears full responsibility for the content of his website, transmitted and stored information, hypertext links, third party claims and legal actions with reference to intellectual property, third party rights and protection of minors.<\/p><p>The user is responsible for compliance with the laws and regulations in force and the rules concerning the operation of the online service, e-commerce, copyright, maintenance of public order, as well as universal principles of Internet use.<\/p><p>The user shall indemnify Juan Jos\u00e9 P\u00e9rez Camacho for the costs incurred by Juan Jos\u00e9 P\u00e9rez Camacho in any case for which the user is responsible, including legal fees and expenses, even in the event of a non-final court decision.<\/p><h5>Protection of hosted information<\/h5><p>Juan Jos\u00e9 P\u00e9rez Camacho makes backup copies of the contents hosted on its servers, however, it is not responsible for the accidental loss or deletion of data by users. Likewise, it does not guarantee the total replacement of data deleted by users, as said data may have been deleted and\/or modified during the period of time that has elapsed since the last backup copy.<\/p><p>The services offered, except for specific backup services, do not include the replacement of the contents kept in the backup copies made by Juan Jos\u00e9 P\u00e9rez Camacho, when this loss is attributable to the user; in this case, a fee will be determined according to the complexity and volume of the recovery, always with the prior acceptance of the user.<\/p><p>The replacement of deleted data is only included in the price of the service when the loss of the content is due to causes attributable to Juan Jos\u00e9 P\u00e9rez Camacho.<\/p><h5>Commercial communications<\/h5><p>In application of the LSSI. Juan Jos\u00e9 P\u00e9rez Camacho will not send advertising or promotional communications by e-mail or any other equivalent means of electronic communication that have not been previously requested or expressly authorised by the recipients of the same.<\/p><p>In the case of users with whom there is a previous contractual relationship, Juan Jos\u00e9 P\u00e9rez Camacho is authorised to send commercial communications concerning products or services of Juan Jos\u00e9 P\u00e9rez Camacho that are similar to those that were initially contracted with the client.<\/p><p>In any case, the user, after proving his or her identity, may request that no further commercial information be sent to him or her through the Customer Service channels.<\/p><p>&lt;p &laquo;=&quot;&raquo;&raquo;&quot;&gt;REV: 20.3009<\/p>\t\t\t\t\t\t\t\t<\/div>\n\t\t\t\t<\/div>\n\t\t\t\t\t<\/div>\n\t\t\t\t<\/div>\n\t\t\t\t<\/div>","protected":false},"excerpt":{"rendered":"<p>POL\u00cdTICA DE PRIVACIDAD PROTECCI\u00d3N DE DATOS DE CAR\u00c1CTER PERSONAL SEG\u00daN EL RGPD Juan Jos\u00e9 P\u00e9rez Camacho, en aplicaci\u00f3n de la normativa vigente en materia de protecci\u00f3n de datos de car\u00e1cter personal, informa que los datos personales que se recogen a trav\u00e9s de los formularios del Sitio web: https:\/\/golah.es\/, se incluyen en los ficheros automatizados espec\u00edficos [&hellip;]<\/p>\n","protected":false},"author":1,"featured_media":0,"parent":0,"menu_order":0,"comment_status":"closed","ping_status":"closed","template":"","meta":{"ocean_post_layout":"","ocean_both_sidebars_style":"","ocean_both_sidebars_content_width":0,"ocean_both_sidebars_sidebars_width":0,"ocean_sidebar":"","ocean_second_sidebar":"","ocean_disable_margins":"enable","ocean_add_body_class":"","ocean_shortcode_before_top_bar":"","ocean_shortcode_after_top_bar":"","ocean_shortcode_before_header":"","ocean_shortcode_after_header":"","ocean_has_shortcode":"","ocean_shortcode_after_title":"","ocean_shortcode_before_footer_widgets":"","ocean_shortcode_after_footer_widgets":"","ocean_shortcode_before_footer_bottom":"","ocean_shortcode_after_footer_bottom":"","ocean_display_top_bar":"default","ocean_display_header":"default","ocean_header_style":"","ocean_center_header_left_menu":"","ocean_custom_header_template":"","ocean_custom_logo":0,"ocean_custom_retina_logo":0,"ocean_custom_logo_max_width":0,"ocean_custom_logo_tablet_max_width":0,"ocean_custom_logo_mobile_max_width":0,"ocean_custom_logo_max_height":0,"ocean_custom_logo_tablet_max_height":0,"ocean_custom_logo_mobile_max_height":0,"ocean_header_custom_menu":"","ocean_menu_typo_font_family":"","ocean_menu_typo_font_subset":"","ocean_menu_typo_font_size":0,"ocean_menu_typo_font_size_tablet":0,"ocean_menu_typo_font_size_mobile":0,"ocean_menu_typo_font_size_unit":"px","ocean_menu_typo_font_weight":"","ocean_menu_typo_font_weight_tablet":"","ocean_menu_typo_font_weight_mobile":"","ocean_menu_typo_transform":"","ocean_menu_typo_transform_tablet":"","ocean_menu_typo_transform_mobile":"","ocean_menu_typo_line_height":0,"ocean_menu_typo_line_height_tablet":0,"ocean_menu_typo_line_height_mobile":0,"ocean_menu_typo_line_height_unit":"","ocean_menu_typo_spacing":0,"ocean_menu_typo_spacing_tablet":0,"ocean_menu_typo_spacing_mobile":0,"ocean_menu_typo_spacing_unit":"","ocean_menu_link_color":"","ocean_menu_link_color_hover":"","ocean_menu_link_color_active":"","ocean_menu_link_background":"","ocean_menu_link_hover_background":"","ocean_menu_link_active_background":"","ocean_menu_social_links_bg":"","ocean_menu_social_hover_links_bg":"","ocean_menu_social_links_color":"","ocean_menu_social_hover_links_color":"","ocean_disable_title":"default","ocean_disable_heading":"default","ocean_post_title":"","ocean_post_subheading":"","ocean_post_title_style":"","ocean_post_title_background_color":"","ocean_post_title_background":0,"ocean_post_title_bg_image_position":"","ocean_post_title_bg_image_attachment":"","ocean_post_title_bg_image_repeat":"","ocean_post_title_bg_image_size":"","ocean_post_title_height":0,"ocean_post_title_bg_overlay":0.5,"ocean_post_title_bg_overlay_color":"","ocean_disable_breadcrumbs":"default","ocean_breadcrumbs_color":"","ocean_breadcrumbs_separator_color":"","ocean_breadcrumbs_links_color":"","ocean_breadcrumbs_links_hover_color":"","ocean_display_footer_widgets":"default","ocean_display_footer_bottom":"default","ocean_custom_footer_template":"","_joinchat":[],"footnotes":""},"class_list":["post-1582","page","type-page","status-publish","hentry","entry","owp-thumbs-layout-horizontal","owp-btn-very-big","owp-tabs-layout-horizontal","has-no-thumbnails","has-product-nav"],"yoast_head":"<!-- This site is optimized with the Yoast SEO plugin v27.5 - https:\/\/yoast.com\/product\/yoast-seo-wordpress\/ -->\n<title>Pol\u00edtica de Privacidad | Golah<\/title>\n<meta name=\"description\" content=\"Pol\u00edtica de Privacidad\" \/>\n<meta name=\"robots\" content=\"index, nofollow, max-snippet:-1, max-image-preview:large, max-video-preview:-1\" \/>\n<link rel=\"canonical\" href=\"https:\/\/golah.es\/en\/politica-de-privacidad\/\" \/>\n<meta property=\"og:locale\" content=\"en_GB\" \/>\n<meta property=\"og:type\" content=\"article\" \/>\n<meta property=\"og:title\" content=\"Pol\u00edtica de Privacidad | Golah\" \/>\n<meta property=\"og:description\" content=\"Pol\u00edtica de Privacidad\" \/>\n<meta property=\"og:url\" content=\"https:\/\/golah.es\/en\/politica-de-privacidad\/\" \/>\n<meta property=\"og:site_name\" content=\"Golah\" \/>\n<meta property=\"article:modified_time\" content=\"2024-12-19T17:32:00+00:00\" \/>\n<meta property=\"og:image\" content=\"https:\/\/golah.es\/wp-content\/uploads\/2024\/12\/Captura-de-pantalla-2024-12-03-a-las-11.24.57-1024x576.png\" \/>\n\t<meta property=\"og:image:width\" content=\"1024\" \/>\n\t<meta property=\"og:image:height\" content=\"576\" \/>\n\t<meta property=\"og:image:type\" content=\"image\/png\" \/>\n<meta name=\"twitter:card\" content=\"summary_large_image\" \/>\n<meta name=\"twitter:label1\" content=\"Estimated reading time\" \/>\n\t<meta name=\"twitter:data1\" content=\"10 minutes\" \/>\n<script type=\"application\/ld+json\" class=\"yoast-schema-graph\">{\"@context\":\"https:\\\/\\\/schema.org\",\"@graph\":[{\"@type\":\"WebPage\",\"@id\":\"https:\\\/\\\/golah.es\\\/politica-de-privacidad\\\/\",\"url\":\"https:\\\/\\\/golah.es\\\/politica-de-privacidad\\\/\",\"name\":\"Pol\u00edtica de Privacidad | Golah\",\"isPartOf\":{\"@id\":\"https:\\\/\\\/golah.es\\\/#website\"},\"datePublished\":\"2024-09-30T13:50:27+00:00\",\"dateModified\":\"2024-12-19T17:32:00+00:00\",\"description\":\"Pol\u00edtica de Privacidad\",\"breadcrumb\":{\"@id\":\"https:\\\/\\\/golah.es\\\/politica-de-privacidad\\\/#breadcrumb\"},\"inLanguage\":\"en-GB\",\"potentialAction\":[{\"@type\":\"ReadAction\",\"target\":[\"https:\\\/\\\/golah.es\\\/politica-de-privacidad\\\/\"]}]},{\"@type\":\"BreadcrumbList\",\"@id\":\"https:\\\/\\\/golah.es\\\/politica-de-privacidad\\\/#breadcrumb\",\"itemListElement\":[{\"@type\":\"ListItem\",\"position\":1,\"name\":\"Portada\",\"item\":\"https:\\\/\\\/golah.es\\\/\"},{\"@type\":\"ListItem\",\"position\":2,\"name\":\"Pol\u00edtica de Privacidad\"}]},{\"@type\":\"WebSite\",\"@id\":\"https:\\\/\\\/golah.es\\\/#website\",\"url\":\"https:\\\/\\\/golah.es\\\/\",\"name\":\"Golah\",\"description\":\"GOLAH\",\"publisher\":{\"@id\":\"https:\\\/\\\/golah.es\\\/#organization\"},\"alternateName\":\"Golah Turismo Marinero Conil\",\"potentialAction\":[{\"@type\":\"SearchAction\",\"target\":{\"@type\":\"EntryPoint\",\"urlTemplate\":\"https:\\\/\\\/golah.es\\\/?s={search_term_string}\"},\"query-input\":{\"@type\":\"PropertyValueSpecification\",\"valueRequired\":true,\"valueName\":\"search_term_string\"}}],\"inLanguage\":\"en-GB\"},{\"@type\":\"Organization\",\"@id\":\"https:\\\/\\\/golah.es\\\/#organization\",\"name\":\"Golah\",\"alternateName\":\"Golah\",\"url\":\"https:\\\/\\\/golah.es\\\/\",\"logo\":{\"@type\":\"ImageObject\",\"inLanguage\":\"en-GB\",\"@id\":\"https:\\\/\\\/golah.es\\\/#\\\/schema\\\/logo\\\/image\\\/\",\"url\":\"https:\\\/\\\/golah.es\\\/wp-content\\\/uploads\\\/2024\\\/12\\\/logo-golah-blue.png\",\"contentUrl\":\"https:\\\/\\\/golah.es\\\/wp-content\\\/uploads\\\/2024\\\/12\\\/logo-golah-blue.png\",\"width\":512,\"height\":512,\"caption\":\"Golah\"},\"image\":{\"@id\":\"https:\\\/\\\/golah.es\\\/#\\\/schema\\\/logo\\\/image\\\/\"}}]}<\/script>\n<!-- \/ Yoast SEO plugin. -->","yoast_head_json":{"title":"Pol\u00edtica de Privacidad | Golah","description":"Privacy Policy","robots":{"index":"index","follow":"nofollow","max-snippet":"max-snippet:-1","max-image-preview":"max-image-preview:large","max-video-preview":"max-video-preview:-1"},"canonical":"https:\/\/golah.es\/en\/politica-de-privacidad\/","og_locale":"en_GB","og_type":"article","og_title":"Pol\u00edtica de Privacidad | Golah","og_description":"Pol\u00edtica de Privacidad","og_url":"https:\/\/golah.es\/en\/politica-de-privacidad\/","og_site_name":"Golah","article_modified_time":"2024-12-19T17:32:00+00:00","og_image":[{"width":1024,"height":576,"url":"https:\/\/golah.es\/wp-content\/uploads\/2024\/12\/Captura-de-pantalla-2024-12-03-a-las-11.24.57-1024x576.png","type":"image\/png"}],"twitter_card":"summary_large_image","twitter_misc":{"Estimated reading time":"10 minutes"},"schema":{"@context":"https:\/\/schema.org","@graph":[{"@type":"WebPage","@id":"https:\/\/golah.es\/politica-de-privacidad\/","url":"https:\/\/golah.es\/politica-de-privacidad\/","name":"Pol\u00edtica de Privacidad | Golah","isPartOf":{"@id":"https:\/\/golah.es\/#website"},"datePublished":"2024-09-30T13:50:27+00:00","dateModified":"2024-12-19T17:32:00+00:00","description":"Privacy Policy","breadcrumb":{"@id":"https:\/\/golah.es\/politica-de-privacidad\/#breadcrumb"},"inLanguage":"en-GB","potentialAction":[{"@type":"ReadAction","target":["https:\/\/golah.es\/politica-de-privacidad\/"]}]},{"@type":"BreadcrumbList","@id":"https:\/\/golah.es\/politica-de-privacidad\/#breadcrumb","itemListElement":[{"@type":"ListItem","position":1,"name":"Portada","item":"https:\/\/golah.es\/"},{"@type":"ListItem","position":2,"name":"Pol\u00edtica de Privacidad"}]},{"@type":"WebSite","@id":"https:\/\/golah.es\/#website","url":"https:\/\/golah.es\/","name":"Golah","description":"GOLAH","publisher":{"@id":"https:\/\/golah.es\/#organization"},"alternateName":"Golah Turismo Marinero Conil","potentialAction":[{"@type":"SearchAction","target":{"@type":"EntryPoint","urlTemplate":"https:\/\/golah.es\/?s={search_term_string}"},"query-input":{"@type":"PropertyValueSpecification","valueRequired":true,"valueName":"search_term_string"}}],"inLanguage":"en-GB"},{"@type":"Organization","@id":"https:\/\/golah.es\/#organization","name":"Golah","alternateName":"Golah","url":"https:\/\/golah.es\/","logo":{"@type":"ImageObject","inLanguage":"en-GB","@id":"https:\/\/golah.es\/#\/schema\/logo\/image\/","url":"https:\/\/golah.es\/wp-content\/uploads\/2024\/12\/logo-golah-blue.png","contentUrl":"https:\/\/golah.es\/wp-content\/uploads\/2024\/12\/logo-golah-blue.png","width":512,"height":512,"caption":"Golah"},"image":{"@id":"https:\/\/golah.es\/#\/schema\/logo\/image\/"}}]}},"jetpack_sharing_enabled":true,"_links":{"self":[{"href":"https:\/\/golah.es\/en\/wp-json\/wp\/v2\/pages\/1582","targetHints":{"allow":["GET"]}}],"collection":[{"href":"https:\/\/golah.es\/en\/wp-json\/wp\/v2\/pages"}],"about":[{"href":"https:\/\/golah.es\/en\/wp-json\/wp\/v2\/types\/page"}],"author":[{"embeddable":true,"href":"https:\/\/golah.es\/en\/wp-json\/wp\/v2\/users\/1"}],"replies":[{"embeddable":true,"href":"https:\/\/golah.es\/en\/wp-json\/wp\/v2\/comments?post=1582"}],"version-history":[{"count":0,"href":"https:\/\/golah.es\/en\/wp-json\/wp\/v2\/pages\/1582\/revisions"}],"wp:attachment":[{"href":"https:\/\/golah.es\/en\/wp-json\/wp\/v2\/media?parent=1582"}],"curies":[{"name":"wp","href":"https:\/\/api.w.org\/{rel}","templated":true}]}}